{"id":602,"date":"2026-03-12T18:55:00","date_gmt":"2026-03-12T18:55:00","guid":{"rendered":"https:\/\/theatlaslegal.com\/?page_id=602"},"modified":"2026-03-12T19:24:15","modified_gmt":"2026-03-12T19:24:15","slug":"atlas-immigration-service-request-form","status":"publish","type":"page","link":"https:\/\/theatlaslegal.com\/tr\/atlas-immigration-service-request-form\/","title":{"rendered":"Atlas G\u00f6\u00e7menlik: Hizmet Talep Formu"},"content":{"rendered":"<div data-elementor-type=\"wp-page\" data-elementor-id=\"602\" class=\"elementor elementor-602\">\n\t\t\t\t<div class=\"elementor-element elementor-element-7885899 e-flex e-con-boxed e-con e-parent\" data-id=\"7885899\" data-element_type=\"container\" data-e-type=\"container\">\n\t\t\t\t\t<div class=\"e-con-inner\">\n\t\t\t\t<div class=\"elementor-element elementor-element-7145f72 elementor-widget elementor-widget-themedraft_contact_form_seven\" data-id=\"7145f72\" data-element_type=\"widget\" data-e-type=\"widget\" data-widget_type=\"themedraft_contact_form_seven.default\">\n\t\t\t\t<div class=\"elementor-widget-container\">\n\t\t\t\t\t\n\t\t\t<div class=\"themedraft-contact-form-container td-cover-bg\">\n\n\t\t\t\t\t\t\t\t<h3 class=\"contact-form-title\">\u00dccretsiz Dan\u0131\u015fmanl\u0131k<\/h3>\n\t\t\t\t\t\t\t\t\n<div class=\"wpcf7 no-js\" id=\"wpcf7-f12-o1\" lang=\"tr-TR\" dir=\"ltr\" data-wpcf7-id=\"12\">\n<div class=\"screen-reader-response\"><p role=\"status\" aria-live=\"polite\" aria-atomic=\"true\"><\/p> <ul><\/ul><\/div>\n<form action=\"\/tr\/wp-json\/wp\/v2\/pages\/602#wpcf7-f12-o1\" method=\"post\" class=\"wpcf7-form init\" aria-label=\"\u0130leti\u015fim Formu\" novalidate=\"novalidate\" data-status=\"init\" data-trp-original-action=\"\/tr\/wp-json\/wp\/v2\/pages\/602#wpcf7-f12-o1\">\n<fieldset class=\"hidden-fields-container\"><input type=\"hidden\" name=\"_wpcf7\" value=\"12\" \/><input type=\"hidden\" name=\"_wpcf7_version\" value=\"6.1.5\" \/><input type=\"hidden\" name=\"_wpcf7_locale\" value=\"tr_TR\" \/><input type=\"hidden\" name=\"_wpcf7_unit_tag\" value=\"wpcf7-f12-o1\" \/><input type=\"hidden\" name=\"_wpcf7_container_post\" value=\"0\" \/><input type=\"hidden\" name=\"_wpcf7_posted_data_hash\" value=\"\" \/>\n<\/fieldset>\n<p><label> Ad Soyad *<br \/>\n<span class=\"wpcf7-form-control-wrap\" data-name=\"full-name\"><input size=\"40\" maxlength=\"400\" class=\"wpcf7-form-control wpcf7-text wpcf7-validates-as-required\" aria-required=\"true\" aria-invalid=\"false\" value=\"\" type=\"text\" name=\"full-name\" \/><\/span><br \/>\n<\/label>\n<\/p>\n<p><label> E-posta Adresi *<br \/>\n<span class=\"wpcf7-form-control-wrap\" data-name=\"email-address\"><input size=\"40\" maxlength=\"400\" class=\"wpcf7-form-control wpcf7-email wpcf7-validates-as-required wpcf7-text wpcf7-validates-as-email\" aria-required=\"true\" aria-invalid=\"false\" value=\"\" type=\"email\" name=\"email-address\" \/><\/span><br \/>\n<\/label>\n<\/p>\n<p><label> Telefon Numaras\u0131 *<br \/>\n<span class=\"wpcf7-form-control-wrap\" data-name=\"phone-number\"><input size=\"40\" maxlength=\"400\" class=\"wpcf7-form-control wpcf7-tel wpcf7-validates-as-required wpcf7-text wpcf7-validates-as-tel\" aria-required=\"true\" aria-invalid=\"false\" value=\"\" type=\"tel\" name=\"phone-number\" \/><\/span><br \/>\n<\/label>\n<\/p>\n<p><label> Mevcut \u0130kamet Edilen \u00dclke \/ Mevcut Durum *<br \/>\n<span class=\"wpcf7-form-control-wrap\" data-name=\"current-residence\"><input size=\"40\" maxlength=\"400\" class=\"wpcf7-form-control wpcf7-text wpcf7-validates-as-required\" aria-required=\"true\" aria-invalid=\"false\" value=\"\" type=\"text\" name=\"current-residence\" \/><\/span><br \/>\n<\/label>\n<\/p>\n<p><label> Do\u011fum Yeri ve Uyru\u011fu *<br \/>\n<span class=\"wpcf7-form-control-wrap\" data-name=\"birth-nationality\"><input size=\"40\" maxlength=\"400\" class=\"wpcf7-form-control wpcf7-text wpcf7-validates-as-required\" aria-required=\"true\" aria-invalid=\"false\" value=\"\" type=\"text\" name=\"birth-nationality\" \/><\/span><br \/>\n<\/label>\n<\/p>\n<p><label> \u015eu anda bir avukat\u0131n\u0131z var m\u0131? *<br \/>\n<span class=\"wpcf7-form-control-wrap\" data-name=\"current-attorney\"><input size=\"40\" maxlength=\"400\" class=\"wpcf7-form-control wpcf7-text wpcf7-validates-as-required\" aria-required=\"true\" aria-invalid=\"false\" value=\"\" type=\"text\" name=\"current-attorney\" \/><\/span><br \/>\n<\/label>\n<\/p>\n<p><label> Ne t\u00fcr bir g\u00f6\u00e7menlik davas\u0131nda yard\u0131ma ihtiyac\u0131n\u0131z var? *<br \/>\n<span class=\"wpcf7-form-control-wrap\" data-name=\"immigration-type\"><select class=\"wpcf7-form-control wpcf7-select wpcf7-validates-as-required\" aria-required=\"true\" aria-invalid=\"false\" name=\"immigration-type\"><option value=\"Family-based Green Card or VAWA\">Aile Temelli Ye\u015fil Kart veya VAWA<\/option><option value=\"E1 \/ E2 \/ L1\">E1 \/ E2 \/ L1<\/option><option value=\"EB1A \/ EB1B \/ EB2-NIW\">EB1A \/ EB1B \/ EB2-NIW<\/option><option value=\"EB3\">EB3<\/option><option value=\"H1B\">H1B<\/option><option value=\"O1\">O1<\/option><option value=\"Asylum or Removal\">S\u0131\u011f\u0131nma veya S\u0131n\u0131rd\u0131\u015f\u0131<\/option><option value=\"F1 or J1\">F1 veya J1<\/option><option value=\"Naturalization\">Vatanda\u015fl\u0131\u011fa Kabul<\/option><option value=\"Other\">Di\u011fer<\/option><\/select><\/span><br \/>\n<\/label>\n<\/p>\n<p><label> Di\u011fer ise, l\u00fctfen a\u00e7\u0131klay\u0131n\u0131z<br \/>\n<span class=\"wpcf7-form-control-wrap\" data-name=\"other-details\"><input size=\"40\" maxlength=\"400\" class=\"wpcf7-form-control wpcf7-text\" aria-invalid=\"false\" value=\"\" type=\"text\" name=\"other-details\" \/><\/span><br \/>\n<\/label>\n<\/p>\n<p><input class=\"wpcf7-form-control wpcf7-submit has-spinner\" type=\"submit\" value=\"G\u00f6nder\" \/>\n<\/p><div class=\"wpcf7-response-output\" aria-hidden=\"true\"><\/div>\n<input type=\"hidden\" name=\"trp-form-language\" value=\"tr\"\/><\/form>\n<\/div>\n\t\t\t<\/div>\n\n\t\t\t\t\t\t\t<\/div>\n\t\t\t\t<\/div>\n\t\t\t\t<div class=\"elementor-element elementor-element-b77b5ae elementor-widget elementor-widget-text-editor\" data-id=\"b77b5ae\" data-element_type=\"widget\" data-e-type=\"widget\" data-widget_type=\"text-editor.default\">\n\t\t\t\t\t\t\t\t\t<p data-start=\"476\" data-end=\"843\"><strong data-start=\"476\" data-end=\"517\">Daha Detayl\u0131 Bir Vaka De\u011ferlendirmesine mi \u0130htiyac\u0131n\u0131z Var?<\/strong><br data-start=\"517\" data-end=\"520\" \/>G\u00f6\u00e7menlik meseleniz hakk\u0131nda daha ayr\u0131nt\u0131l\u0131 bilgi vermek isterseniz, al\u0131m formlar\u0131m\u0131zdan birini doldurun veya ofisimizle bir g\u00f6r\u00fc\u015fme planlay\u0131n. Belirli vaka t\u00fcrleri i\u00e7in ek tarama formlar\u0131 ve meselelerini do\u011frudan hukuk ekibimizle g\u00f6r\u00fc\u015fmeyi tercih eden m\u00fc\u015fterilerimiz i\u00e7in randevu se\u00e7enekleri sunuyoruz.<\/p><p data-start=\"845\" data-end=\"950\"><strong data-start=\"845\" data-end=\"950\">Ayr\u0131nt\u0131l\u0131 vaka bilgilerini g\u00f6ndermek veya size uygun bir tarih ve saat i\u00e7in rezervasyon yapt\u0131rmak i\u00e7in a\u015fa\u011f\u0131daki se\u00e7enekleri kullan\u0131n.<\/strong><\/p>\t\t\t\t\t\t\t\t<\/div>\n\t\t\t\t<div class=\"elementor-element elementor-element-8997e28 elementor-widget elementor-widget-themedraft_gradient_buttons\" data-id=\"8997e28\" data-element_type=\"widget\" data-e-type=\"widget\" data-widget_type=\"themedraft_gradient_buttons.default\">\n\t\t\t\t<div class=\"elementor-widget-container\">\n\t\t\t\t\t\n\t\t<div class=\"td-gradient-button-wrapper\">\n\t\t\t<a class=\"td_button button-one\" href=\"https:\/\/linktr.ee\/musab.gunes?utm_source=ig&#038;utm_medium=social&#038;utm_content=link_in_bio&#038;fbclid=PAZXh0bgNhZW0CMTEAc3J0YwZhcHBfaWQMMjU2MjgxMDQwNTU4AAGnpRTxGb6Lhh3zwcnnKkMOQqLmhI-GpQwQZiO_yaF1OP1dOc_aQxtR-OIDx6w_aem_8qB9egbJ13aSdnWc25Yeww\" target=\"_blank\" rel=\"noopener\">Daha fazla bilgi edinin<\/a>\n\n\t\t\t\t<\/div>\n\n\t\t\t\t\t\t<\/div>\n\t\t\t\t<\/div>\n\t\t\t\t<div class=\"elementor-element elementor-element-4a27b0e elementor-widget elementor-widget-themedraft_gradient_buttons\" data-id=\"4a27b0e\" data-element_type=\"widget\" data-e-type=\"widget\" data-widget_type=\"themedraft_gradient_buttons.default\">\n\t\t\t\t<div class=\"elementor-widget-container\">\n\t\t\t\t\t\n\t\t<div class=\"td-gradient-button-wrapper\">\n\t\t\t<a class=\"td_button button-one\" href=\"https:\/\/calendly.com\/musab-gunes-theatlaslegal\/15-min-consultation-clone?month=2026-03\" target=\"_blank\" rel=\"noopener\">\u00dccretsiz E2 Dan\u0131\u015fmanl\u0131\u011f\u0131<\/a>\n\n\t\t            <a class=\"td_button button-two\" href=\"https:\/\/calendly.com\/musab-gunes-theatlaslegal\/15-min-consultation?month=2026-03\" target=\"_blank\" rel=\"noopener\">Genel Kons\u00fcltasyon<\/a>\n\t\t\t\t<\/div>\n\n\t\t\t\t\t\t<\/div>\n\t\t\t\t<\/div>\n\t\t\t\t<div class=\"elementor-element elementor-element-21fb908 elementor-widget elementor-widget-themedraft_gradient_buttons\" data-id=\"21fb908\" data-element_type=\"widget\" data-e-type=\"widget\" data-widget_type=\"themedraft_gradient_buttons.default\">\n\t\t\t\t<div class=\"elementor-widget-container\">\n\t\t\t\t\t\n\t\t<div class=\"td-gradient-button-wrapper\">\n\t\t\t<a class=\"td_button button-one\" href=\"https:\/\/calendly.com\/musab-gunes-theatlaslegal\/15-min-consultation-clone?month=2026-03\" target=\"_blank\" rel=\"noopener\">\u00dccretsiz E2 Dan\u0131\u015fmanl\u0131\u011f\u0131<\/a>\n\n\t\t            <a class=\"td_button button-two\" href=\"https:\/\/calendly.com\/musab-gunes-theatlaslegal\/15-min-consultation?month=2026-03\" target=\"_blank\" rel=\"noopener\">Genel Kons\u00fcltasyon<\/a>\n\t\t\t\t<\/div>\n\n\t\t\t\t\t\t<\/div>\n\t\t\t\t<\/div>\n\t\t\t\t<div class=\"elementor-element elementor-element-aa1a191 elementor-widget elementor-widget-themedraft_gradient_buttons\" data-id=\"aa1a191\" data-element_type=\"widget\" data-e-type=\"widget\" data-widget_type=\"themedraft_gradient_buttons.default\">\n\t\t\t\t<div class=\"elementor-widget-container\">\n\t\t\t\t\t\n\t\t<div class=\"td-gradient-button-wrapper\">\n\t\t\t<a class=\"td_button button-one\" href=\"https:\/\/docs.google.com\/forms\/d\/e\/1FAIpQLSdS8bvo4LH-ocMaBWrVXXP4OCMhD8LEouVa37g5BX6exoEdjQ\/viewform\" target=\"_blank\" rel=\"noopener\">Hizmet Talep Formu<\/a>\n\n\t\t            <a class=\"td_button button-two\" href=\"https:\/\/docs.google.com\/forms\/d\/e\/1FAIpQLSdXkF8z9xs8QfvmxHVBb_NIXAlKwPsVc8Qo9iqVKv8qfARXSQ\/viewform\" target=\"_blank\" rel=\"noopener\">E2 Vize Tarama Formu<\/a>\n\t\t\t\t<\/div>\n\n\t\t\t\t\t\t<\/div>\n\t\t\t\t<\/div>\n\t\t\t\t<div class=\"elementor-element elementor-element-4f18626 elementor-widget elementor-widget-themedraft_gradient_buttons\" data-id=\"4f18626\" data-element_type=\"widget\" data-e-type=\"widget\" data-widget_type=\"themedraft_gradient_buttons.default\">\n\t\t\t\t<div class=\"elementor-widget-container\">\n\t\t\t\t\t\n\t\t<div class=\"td-gradient-button-wrapper\">\n\t\t\t<a class=\"td_button button-one\" href=\"https:\/\/docs.google.com\/forms\/d\/e\/1FAIpQLScWTAS34-yG8I7_qiB4UMarhENtTQq18DnxEknM6n5ytqRz-A\/viewform\" target=\"_blank\" rel=\"noopener\">EB2-NIW Uygunluk Formu<\/a>\n\n\t\t\t\t<\/div>\n\n\t\t\t\t\t\t<\/div>\n\t\t\t\t<\/div>\n\t\t\t\t\t<\/div>\n\t\t\t\t<\/div>\n\t\t<div class=\"elementor-element elementor-element-4e9e2dd e-flex e-con-boxed e-con e-parent\" data-id=\"4e9e2dd\" data-element_type=\"container\" data-e-type=\"container\">\n\t\t\t\t\t<div class=\"e-con-inner\">\n\t\t\t\t<div class=\"elementor-element elementor-element-fa14b6a elementor-widget elementor-widget-themedraft_gradient_buttons\" data-id=\"fa14b6a\" data-element_type=\"widget\" data-e-type=\"widget\" data-widget_type=\"themedraft_gradient_buttons.default\">\n\t\t\t\t<div class=\"elementor-widget-container\">\n\t\t\t\t\t\n\t\t<div class=\"td-gradient-button-wrapper\">\n\t\t\t<a class=\"td_button button-one\" href=\"https:\/\/docs.google.com\/forms\/d\/e\/1FAIpQLScWTAS34-yG8I7_qiB4UMarhENtTQq18DnxEknM6n5ytqRz-A\/viewform\" target=\"_blank\" rel=\"noopener\">Mandamus Davas\u0131 Uygunluk Formu<\/a>\n\n\t\t\t\t<\/div>\n\n\t\t\t\t\t\t<\/div>\n\t\t\t\t<\/div>\n\t\t\t\t\t<\/div>\n\t\t\t\t<\/div>\n\t\t\t\t<\/div>","protected":false},"excerpt":{"rendered":"<p>Free Consultation Full Name * Email Address * Phone Number * Current Country of Residence \/ Current Status * Place of Birth and Nationality * Do you currently have an attorney? * What type of immigration case do you need help with? * Family-based Green Card or VAWAE1 \/ E2 \/ L1EB1A \/ EB1B \/ [&hellip;]<\/p>\n","protected":false},"author":1,"featured_media":0,"parent":0,"menu_order":0,"comment_status":"closed","ping_status":"closed","template":"","meta":{"footnotes":""},"class_list":["post-602","page","type-page","status-publish","hentry"],"_hostinger_reach_plugin_has_subscription_block":false,"_hostinger_reach_plugin_is_elementor":false,"_links":{"self":[{"href":"https:\/\/theatlaslegal.com\/tr\/wp-json\/wp\/v2\/pages\/602","targetHints":{"allow":["GET"]}}],"collection":[{"href":"https:\/\/theatlaslegal.com\/tr\/wp-json\/wp\/v2\/pages"}],"about":[{"href":"https:\/\/theatlaslegal.com\/tr\/wp-json\/wp\/v2\/types\/page"}],"author":[{"embeddable":true,"href":"https:\/\/theatlaslegal.com\/tr\/wp-json\/wp\/v2\/users\/1"}],"replies":[{"embeddable":true,"href":"https:\/\/theatlaslegal.com\/tr\/wp-json\/wp\/v2\/comments?post=602"}],"version-history":[{"count":10,"href":"https:\/\/theatlaslegal.com\/tr\/wp-json\/wp\/v2\/pages\/602\/revisions"}],"predecessor-version":[{"id":620,"href":"https:\/\/theatlaslegal.com\/tr\/wp-json\/wp\/v2\/pages\/602\/revisions\/620"}],"wp:attachment":[{"href":"https:\/\/theatlaslegal.com\/tr\/wp-json\/wp\/v2\/media?parent=602"}],"curies":[{"name":"wp","href":"https:\/\/api.w.org\/{rel}","templated":true}]}}