{"id":602,"date":"2026-03-12T18:55:00","date_gmt":"2026-03-12T18:55:00","guid":{"rendered":"https:\/\/theatlaslegal.com\/?page_id=602"},"modified":"2026-03-12T19:24:15","modified_gmt":"2026-03-12T19:24:15","slug":"atlas-immigration-service-request-form","status":"publish","type":"page","link":"https:\/\/theatlaslegal.com\/es\/atlas-immigration-service-request-form\/","title":{"rendered":"Atlas Inmigraci\u00f3n: Formulario de solicitud de servicio"},"content":{"rendered":"<div data-elementor-type=\"wp-page\" data-elementor-id=\"602\" class=\"elementor elementor-602\">\n\t\t\t\t<div class=\"elementor-element elementor-element-7885899 e-flex e-con-boxed e-con e-parent\" data-id=\"7885899\" data-element_type=\"container\" data-e-type=\"container\">\n\t\t\t\t\t<div class=\"e-con-inner\">\n\t\t\t\t<div class=\"elementor-element elementor-element-7145f72 elementor-widget elementor-widget-themedraft_contact_form_seven\" data-id=\"7145f72\" data-element_type=\"widget\" data-e-type=\"widget\" data-widget_type=\"themedraft_contact_form_seven.default\">\n\t\t\t\t<div class=\"elementor-widget-container\">\n\t\t\t\t\t\n\t\t\t<div class=\"themedraft-contact-form-container td-cover-bg\">\n\n\t\t\t\t\t\t\t\t<h3 class=\"contact-form-title\">Consulta gratuita<\/h3>\n\t\t\t\t\t\t\t\t\n<div class=\"wpcf7 no-js\" id=\"wpcf7-f12-o1\" lang=\"tr-TR\" dir=\"ltr\" data-wpcf7-id=\"12\">\n<div class=\"screen-reader-response\"><p role=\"status\" aria-live=\"polite\" aria-atomic=\"true\"><\/p> <ul><\/ul><\/div>\n<form action=\"\/es\/wp-json\/wp\/v2\/pages\/602#wpcf7-f12-o1\" method=\"post\" class=\"wpcf7-form init\" aria-label=\"\u0130leti\u015fim Formu\" novalidate=\"novalidate\" data-status=\"init\" data-trp-original-action=\"\/es\/wp-json\/wp\/v2\/pages\/602#wpcf7-f12-o1\">\n<fieldset class=\"hidden-fields-container\"><input type=\"hidden\" name=\"_wpcf7\" value=\"12\" \/><input type=\"hidden\" name=\"_wpcf7_version\" value=\"6.1.5\" \/><input type=\"hidden\" name=\"_wpcf7_locale\" value=\"tr_TR\" \/><input type=\"hidden\" name=\"_wpcf7_unit_tag\" value=\"wpcf7-f12-o1\" \/><input type=\"hidden\" name=\"_wpcf7_container_post\" value=\"0\" \/><input type=\"hidden\" name=\"_wpcf7_posted_data_hash\" value=\"\" \/>\n<\/fieldset>\n<p><label> Nombre completo *<br \/>\n<span class=\"wpcf7-form-control-wrap\" data-name=\"full-name\"><input size=\"40\" maxlength=\"400\" class=\"wpcf7-form-control wpcf7-text wpcf7-validates-as-required\" aria-required=\"true\" aria-invalid=\"false\" value=\"\" type=\"text\" name=\"full-name\" \/><\/span><br \/>\n<\/label>\n<\/p>\n<p><label> Direcci\u00f3n de correo electr\u00f3nico<br \/>\n<span class=\"wpcf7-form-control-wrap\" data-name=\"email-address\"><input size=\"40\" maxlength=\"400\" class=\"wpcf7-form-control wpcf7-email wpcf7-validates-as-required wpcf7-text wpcf7-validates-as-email\" aria-required=\"true\" aria-invalid=\"false\" value=\"\" type=\"email\" name=\"email-address\" \/><\/span><br \/>\n<\/label>\n<\/p>\n<p><label> N\u00famero de tel\u00e9fono *<br \/>\n<span class=\"wpcf7-form-control-wrap\" data-name=\"phone-number\"><input size=\"40\" maxlength=\"400\" class=\"wpcf7-form-control wpcf7-tel wpcf7-validates-as-required wpcf7-text wpcf7-validates-as-tel\" aria-required=\"true\" aria-invalid=\"false\" value=\"\" type=\"tel\" name=\"phone-number\" \/><\/span><br \/>\n<\/label>\n<\/p>\n<p><label> Pa\u00eds de residencia actual \/ Situaci\u00f3n actual *<br \/>\n<span class=\"wpcf7-form-control-wrap\" data-name=\"current-residence\"><input size=\"40\" maxlength=\"400\" class=\"wpcf7-form-control wpcf7-text wpcf7-validates-as-required\" aria-required=\"true\" aria-invalid=\"false\" value=\"\" type=\"text\" name=\"current-residence\" \/><\/span><br \/>\n<\/label>\n<\/p>\n<p><label> Lugar de nacimiento y nacionalidad<br \/>\n<span class=\"wpcf7-form-control-wrap\" data-name=\"birth-nationality\"><input size=\"40\" maxlength=\"400\" class=\"wpcf7-form-control wpcf7-text wpcf7-validates-as-required\" aria-required=\"true\" aria-invalid=\"false\" value=\"\" type=\"text\" name=\"birth-nationality\" \/><\/span><br \/>\n<\/label>\n<\/p>\n<p><label> \u00bfTiene actualmente un abogado? *<br \/>\n<span class=\"wpcf7-form-control-wrap\" data-name=\"current-attorney\"><input size=\"40\" maxlength=\"400\" class=\"wpcf7-form-control wpcf7-text wpcf7-validates-as-required\" aria-required=\"true\" aria-invalid=\"false\" value=\"\" type=\"text\" name=\"current-attorney\" \/><\/span><br \/>\n<\/label>\n<\/p>\n<p><label> \u00bfCon qu\u00e9 tipo de caso de inmigraci\u00f3n necesita ayuda? *<br \/>\n<span class=\"wpcf7-form-control-wrap\" data-name=\"immigration-type\"><select class=\"wpcf7-form-control wpcf7-select wpcf7-validates-as-required\" aria-required=\"true\" aria-invalid=\"false\" name=\"immigration-type\"><option value=\"Family-based Green Card or VAWA\">Tarjeta verde familiar o VAWA<\/option><option value=\"E1 \/ E2 \/ L1\">E1 \/ E2 \/ L1<\/option><option value=\"EB1A \/ EB1B \/ EB2-NIW\">EB1A \/ EB1B \/ EB2-NIW<\/option><option value=\"EB3\">EB3<\/option><option value=\"H1B\">H1B<\/option><option value=\"O1\">O1<\/option><option value=\"Asylum or Removal\">Asilo o expulsi\u00f3n<\/option><option value=\"F1 or J1\">F1 o J1<\/option><option value=\"Naturalization\">Naturalizaci\u00f3n<\/option><option value=\"Other\">Otros<\/option><\/select><\/span><br \/>\n<\/label>\n<\/p>\n<p><label> Si es otro, explique<br \/>\n<span class=\"wpcf7-form-control-wrap\" data-name=\"other-details\"><input size=\"40\" maxlength=\"400\" class=\"wpcf7-form-control wpcf7-text\" aria-invalid=\"false\" value=\"\" type=\"text\" name=\"other-details\" \/><\/span><br \/>\n<\/label>\n<\/p>\n<p><input class=\"wpcf7-form-control wpcf7-submit has-spinner\" type=\"submit\" value=\"Enviar\" \/>\n<\/p><div class=\"wpcf7-response-output\" aria-hidden=\"true\"><\/div>\n<input type=\"hidden\" name=\"trp-form-language\" value=\"es\"\/><\/form>\n<\/div>\n\t\t\t<\/div>\n\n\t\t\t\t\t\t\t<\/div>\n\t\t\t\t<\/div>\n\t\t\t\t<div class=\"elementor-element elementor-element-b77b5ae elementor-widget elementor-widget-text-editor\" data-id=\"b77b5ae\" data-element_type=\"widget\" data-e-type=\"widget\" data-widget_type=\"text-editor.default\">\n\t\t\t\t\t\t\t\t\t<p data-start=\"476\" data-end=\"843\"><strong data-start=\"476\" data-end=\"517\">\u00bfNecesita una evaluaci\u00f3n m\u00e1s detallada de su caso?<\/strong><br data-start=\"517\" data-end=\"520\" \/>Si desea proporcionar informaci\u00f3n m\u00e1s detallada sobre su asunto de inmigraci\u00f3n, complete uno de nuestros formularios de admisi\u00f3n o programe una consulta con nuestra oficina. Ofrecemos formularios de selecci\u00f3n adicionales para tipos de casos espec\u00edficos y opciones de citas para los clientes que prefieren discutir su asunto directamente con nuestro equipo legal.<\/p><p data-start=\"845\" data-end=\"950\"><strong data-start=\"845\" data-end=\"950\">Utilice las siguientes opciones para enviar informaci\u00f3n detallada sobre su caso o reservar la fecha y hora que m\u00e1s le convengan.<\/strong><\/p>\t\t\t\t\t\t\t\t<\/div>\n\t\t\t\t<div class=\"elementor-element elementor-element-8997e28 elementor-widget elementor-widget-themedraft_gradient_buttons\" data-id=\"8997e28\" data-element_type=\"widget\" data-e-type=\"widget\" data-widget_type=\"themedraft_gradient_buttons.default\">\n\t\t\t\t<div class=\"elementor-widget-container\">\n\t\t\t\t\t\n\t\t<div class=\"td-gradient-button-wrapper\">\n\t\t\t<a class=\"td_button button-one\" href=\"https:\/\/linktr.ee\/musab.gunes?utm_source=ig&#038;utm_medium=social&#038;utm_content=link_in_bio&#038;fbclid=PAZXh0bgNhZW0CMTEAc3J0YwZhcHBfaWQMMjU2MjgxMDQwNTU4AAGnpRTxGb6Lhh3zwcnnKkMOQqLmhI-GpQwQZiO_yaF1OP1dOc_aQxtR-OIDx6w_aem_8qB9egbJ13aSdnWc25Yeww\" target=\"_blank\" rel=\"noopener\">Seguir leyendo<\/a>\n\n\t\t\t\t<\/div>\n\n\t\t\t\t\t\t<\/div>\n\t\t\t\t<\/div>\n\t\t\t\t<div class=\"elementor-element elementor-element-4a27b0e elementor-widget elementor-widget-themedraft_gradient_buttons\" data-id=\"4a27b0e\" data-element_type=\"widget\" data-e-type=\"widget\" data-widget_type=\"themedraft_gradient_buttons.default\">\n\t\t\t\t<div class=\"elementor-widget-container\">\n\t\t\t\t\t\n\t\t<div class=\"td-gradient-button-wrapper\">\n\t\t\t<a class=\"td_button button-one\" href=\"https:\/\/calendly.com\/musab-gunes-theatlaslegal\/15-min-consultation-clone?month=2026-03\" target=\"_blank\" rel=\"noopener\">Consulta E2 gratuita<\/a>\n\n\t\t            <a class=\"td_button button-two\" href=\"https:\/\/calendly.com\/musab-gunes-theatlaslegal\/15-min-consultation?month=2026-03\" target=\"_blank\" rel=\"noopener\">Consulta general<\/a>\n\t\t\t\t<\/div>\n\n\t\t\t\t\t\t<\/div>\n\t\t\t\t<\/div>\n\t\t\t\t<div class=\"elementor-element elementor-element-21fb908 elementor-widget elementor-widget-themedraft_gradient_buttons\" data-id=\"21fb908\" data-element_type=\"widget\" data-e-type=\"widget\" data-widget_type=\"themedraft_gradient_buttons.default\">\n\t\t\t\t<div class=\"elementor-widget-container\">\n\t\t\t\t\t\n\t\t<div class=\"td-gradient-button-wrapper\">\n\t\t\t<a class=\"td_button button-one\" href=\"https:\/\/calendly.com\/musab-gunes-theatlaslegal\/15-min-consultation-clone?month=2026-03\" target=\"_blank\" rel=\"noopener\">Consulta E2 gratuita<\/a>\n\n\t\t            <a class=\"td_button button-two\" href=\"https:\/\/calendly.com\/musab-gunes-theatlaslegal\/15-min-consultation?month=2026-03\" target=\"_blank\" rel=\"noopener\">Consulta general<\/a>\n\t\t\t\t<\/div>\n\n\t\t\t\t\t\t<\/div>\n\t\t\t\t<\/div>\n\t\t\t\t<div class=\"elementor-element elementor-element-aa1a191 elementor-widget elementor-widget-themedraft_gradient_buttons\" data-id=\"aa1a191\" data-element_type=\"widget\" data-e-type=\"widget\" data-widget_type=\"themedraft_gradient_buttons.default\">\n\t\t\t\t<div class=\"elementor-widget-container\">\n\t\t\t\t\t\n\t\t<div class=\"td-gradient-button-wrapper\">\n\t\t\t<a class=\"td_button button-one\" href=\"https:\/\/docs.google.com\/forms\/d\/e\/1FAIpQLSdS8bvo4LH-ocMaBWrVXXP4OCMhD8LEouVa37g5BX6exoEdjQ\/viewform\" target=\"_blank\" rel=\"noopener\">Formulario de solicitud de servicio<\/a>\n\n\t\t            <a class=\"td_button button-two\" href=\"https:\/\/docs.google.com\/forms\/d\/e\/1FAIpQLSdXkF8z9xs8QfvmxHVBb_NIXAlKwPsVc8Qo9iqVKv8qfARXSQ\/viewform\" target=\"_blank\" rel=\"noopener\">Formulario de control de visados E2<\/a>\n\t\t\t\t<\/div>\n\n\t\t\t\t\t\t<\/div>\n\t\t\t\t<\/div>\n\t\t\t\t<div class=\"elementor-element elementor-element-4f18626 elementor-widget elementor-widget-themedraft_gradient_buttons\" data-id=\"4f18626\" data-element_type=\"widget\" data-e-type=\"widget\" data-widget_type=\"themedraft_gradient_buttons.default\">\n\t\t\t\t<div class=\"elementor-widget-container\">\n\t\t\t\t\t\n\t\t<div class=\"td-gradient-button-wrapper\">\n\t\t\t<a class=\"td_button button-one\" href=\"https:\/\/docs.google.com\/forms\/d\/e\/1FAIpQLScWTAS34-yG8I7_qiB4UMarhENtTQq18DnxEknM6n5ytqRz-A\/viewform\" target=\"_blank\" rel=\"noopener\">Formulario de admisibilidad EB2-NIW<\/a>\n\n\t\t\t\t<\/div>\n\n\t\t\t\t\t\t<\/div>\n\t\t\t\t<\/div>\n\t\t\t\t\t<\/div>\n\t\t\t\t<\/div>\n\t\t<div class=\"elementor-element elementor-element-4e9e2dd e-flex e-con-boxed e-con e-parent\" data-id=\"4e9e2dd\" data-element_type=\"container\" data-e-type=\"container\">\n\t\t\t\t\t<div class=\"e-con-inner\">\n\t\t\t\t<div class=\"elementor-element elementor-element-fa14b6a elementor-widget elementor-widget-themedraft_gradient_buttons\" data-id=\"fa14b6a\" data-element_type=\"widget\" data-e-type=\"widget\" data-widget_type=\"themedraft_gradient_buttons.default\">\n\t\t\t\t<div class=\"elementor-widget-container\">\n\t\t\t\t\t\n\t\t<div class=\"td-gradient-button-wrapper\">\n\t\t\t<a class=\"td_button button-one\" href=\"https:\/\/docs.google.com\/forms\/d\/e\/1FAIpQLScWTAS34-yG8I7_qiB4UMarhENtTQq18DnxEknM6n5ytqRz-A\/viewform\" target=\"_blank\" rel=\"noopener\">Formulario de admisibilidad de la demanda de Mandamus<\/a>\n\n\t\t\t\t<\/div>\n\n\t\t\t\t\t\t<\/div>\n\t\t\t\t<\/div>\n\t\t\t\t\t<\/div>\n\t\t\t\t<\/div>\n\t\t\t\t<\/div>","protected":false},"excerpt":{"rendered":"<p>Free Consultation Full Name * Email Address * Phone Number * Current Country of Residence \/ Current Status * Place of Birth and Nationality * Do you currently have an attorney? * What type of immigration case do you need help with? * Family-based Green Card or VAWAE1 \/ E2 \/ L1EB1A \/ EB1B \/ [&hellip;]<\/p>\n","protected":false},"author":1,"featured_media":0,"parent":0,"menu_order":0,"comment_status":"closed","ping_status":"closed","template":"","meta":{"footnotes":""},"class_list":["post-602","page","type-page","status-publish","hentry"],"_hostinger_reach_plugin_has_subscription_block":false,"_hostinger_reach_plugin_is_elementor":false,"_links":{"self":[{"href":"https:\/\/theatlaslegal.com\/es\/wp-json\/wp\/v2\/pages\/602","targetHints":{"allow":["GET"]}}],"collection":[{"href":"https:\/\/theatlaslegal.com\/es\/wp-json\/wp\/v2\/pages"}],"about":[{"href":"https:\/\/theatlaslegal.com\/es\/wp-json\/wp\/v2\/types\/page"}],"author":[{"embeddable":true,"href":"https:\/\/theatlaslegal.com\/es\/wp-json\/wp\/v2\/users\/1"}],"replies":[{"embeddable":true,"href":"https:\/\/theatlaslegal.com\/es\/wp-json\/wp\/v2\/comments?post=602"}],"version-history":[{"count":10,"href":"https:\/\/theatlaslegal.com\/es\/wp-json\/wp\/v2\/pages\/602\/revisions"}],"predecessor-version":[{"id":620,"href":"https:\/\/theatlaslegal.com\/es\/wp-json\/wp\/v2\/pages\/602\/revisions\/620"}],"wp:attachment":[{"href":"https:\/\/theatlaslegal.com\/es\/wp-json\/wp\/v2\/media?parent=602"}],"curies":[{"name":"wp","href":"https:\/\/api.w.org\/{rel}","templated":true}]}}