{"id":43,"date":"2020-03-22T00:11:05","date_gmt":"2020-03-22T00:11:05","guid":{"rendered":"http:\/\/tf.themedraft.com\/wp\/ukilvai\/?page_id=43"},"modified":"2026-03-12T22:23:11","modified_gmt":"2026-03-12T22:23:11","slug":"about-us","status":"publish","type":"page","link":"https:\/\/theatlaslegal.com\/es\/about-us\/","title":{"rendered":"Qui\u00e9nes somos"},"content":{"rendered":"<div data-elementor-type=\"wp-page\" data-elementor-id=\"43\" class=\"elementor elementor-43\">\n\t\t\t\t\t\t<section class=\"elementor-section elementor-top-section elementor-element elementor-element-6b3694ef elementor-section-stretched elementor-section-boxed elementor-section-height-default elementor-section-height-default\" data-id=\"6b3694ef\" data-element_type=\"section\" data-e-type=\"section\" data-settings=\"{&quot;stretch_section&quot;:&quot;section-stretched&quot;,&quot;background_background&quot;:&quot;classic&quot;}\">\n\t\t\t\t\t\t<div class=\"elementor-container elementor-column-gap-default\">\n\t\t\t\t\t<div class=\"elementor-column elementor-col-50 elementor-top-column elementor-element elementor-element-2d489593\" data-id=\"2d489593\" data-element_type=\"column\" data-e-type=\"column\">\n\t\t\t<div class=\"elementor-widget-wrap elementor-element-populated\">\n\t\t\t\t\t\t<div class=\"elementor-element elementor-element-4490b2c0 elementor-widget elementor-widget-themedraft_image_with_text\" data-id=\"4490b2c0\" data-element_type=\"widget\" data-e-type=\"widget\" data-widget_type=\"themedraft_image_with_text.default\">\n\t\t\t\t<div class=\"elementor-widget-container\">\n\t\t\t\t\t\n\t\t<div class=\"td-image-widget-wrapper\">\n\t\t\t<div class=\"td-image-container\">\n\t\t\t\t<div class=\"td-image-and-text-wrapper\">\n\t\t\t\t    <img decoding=\"async\" src=\"https:\/\/theatlaslegal.com\/wp-content\/uploads\/2026\/03\/ChatGPT-Image-11-Mar-2026-16_18_41.png\" alt=\"\">\n\n                    <div class=\"text-box\">\n                        <span class=\"color-text\"><\/span>\n                        <div class=\"normal-text\">\n                                                    <\/div>\n                    <\/div>\n                <\/div>\n\t\t\t<\/div>\n\t\t<\/div>\n\n\t\t\t\t\t\t<\/div>\n\t\t\t\t<\/div>\n\t\t\t\t\t<\/div>\n\t\t<\/div>\n\t\t\t\t<div class=\"elementor-column elementor-col-50 elementor-top-column elementor-element elementor-element-186fcfa\" data-id=\"186fcfa\" data-element_type=\"column\" data-e-type=\"column\">\n\t\t\t<div class=\"elementor-widget-wrap elementor-element-populated\">\n\t\t\t\t\t\t<div class=\"elementor-element elementor-element-6363a40a elementor-widget elementor-widget-themedraft_section_title\" data-id=\"6363a40a\" data-element_type=\"widget\" data-e-type=\"widget\" data-widget_type=\"themedraft_section_title.default\">\n\t\t\t\t<div class=\"elementor-widget-container\">\n\t\t\t\t\t\n        <div class=\"row\">\n            <div class=\"col-lg-12\">\n                <div class=\"td-section-title-wrap\">\n                    <div class=\"td-section-title-content\">\n\n                        <div class=\"subtitle-and-title\">\n                                                        <h6 class=\"subtitle\">Acerca de la empresa<\/h6>\n                            \n                            <h2 class=\"title\">Qui\u00e9nes somos en Atlas Legal                            <\/h2>\n                        <\/div>\n                                            <\/div>\n                <\/div>\n            <\/div>\n        <\/div>\n\n\t\t\t\t\t\t<\/div>\n\t\t\t\t<\/div>\n\t\t\t\t<div class=\"elementor-element elementor-element-743402f5 elementor-widget elementor-widget-themedraft_text_with_title\" data-id=\"743402f5\" data-element_type=\"widget\" data-e-type=\"widget\" data-widget_type=\"themedraft_text_with_title.default\">\n\t\t\t\t<div class=\"elementor-widget-container\">\n\t\t\t\t\t        <div class=\"td-text-with-title-wrapper\">\n            <h2 class=\"title\"><\/h2>\n            <div class=\"text\">\n                <p data-start=\"278\" data-end=\"602\"><strong>Fundada por un inmigrante exitoso, Atlas Legal representa dedicaci\u00f3n, experiencia y logros en el campo de la Ley de Inmigraci\u00f3n de los Estados Unidos. Con sede en el \u00e1rea metropolitana de Chicago, nuestra firma se enorgullece de servir a clientes en los 50 estados y a nivel internacional, proporcionando orientaci\u00f3n jur\u00eddica estrat\u00e9gica en una amplia gama de asuntos de inmigraci\u00f3n.<\/strong><\/p><p data-start=\"604\" data-end=\"1058\"><strong>En Atlas Legal, nos centramos en ofrecer soluciones legales personalizadas adaptadas a la situaci\u00f3n \u00fanica de cada cliente. Nuestra pr\u00e1ctica incluye visas basadas en empleo, inversionistas e inmigraci\u00f3n de negocios, peticiones de habilidades extraordinarias, aplicaciones basadas en la familia, exenciones, naturalizaci\u00f3n y litigios de inmigraci\u00f3n. Entendemos que cada caso es diferente, y preparamos cada solicitud con un an\u00e1lisis cuidadoso, documentaci\u00f3n s\u00f3lida y una estrategia legal clara.<\/strong><\/p><p data-start=\"1060\" data-end=\"1388\"><strong>El viaje personal de inmigraci\u00f3n de nuestro fundador proporciona una profunda comprensi\u00f3n de los desaf\u00edos que enfrentan las personas y las familias al navegar por el sistema de inmigraci\u00f3n de EE.UU.. Despu\u00e9s de haber pasado con \u00e9xito por el proceso de primera mano, estamos en una posici\u00f3n \u00fanica para guiar a nuestros clientes con el conocimiento profesional y la experiencia de la vida real.<\/strong><\/p><p data-start=\"1390\" data-end=\"1688\"><strong>Muchos de nuestros clientes son empresarios, profesionales, artistas, atletas y familias que buscan construir un futuro en los Estados Unidos. Ayudamos a nuestros clientes a establecer negocios, obtener visados, asegurar la residencia permanente y avanzar con confianza a trav\u00e9s de cada etapa del proceso de inmigraci\u00f3n.<\/strong><\/p><p data-start=\"1690\" data-end=\"1928\"><strong>En Atlas Legal, somos m\u00e1s que asesores legales - somos socios en su viaje. Nuestra misi\u00f3n es simplificar los procedimientos legales complejos, proporcionar orientaci\u00f3n honesta, y ayudar a nuestros clientes a alcanzar sus objetivos con confianza, claridad y confianza.<\/strong><\/p>            <\/div>\n        <\/div>\n\n\n        \t\t\t\t<\/div>\n\t\t\t\t<\/div>\n\t\t\t\t<section class=\"elementor-section elementor-inner-section elementor-element elementor-element-304931e4 elementor-section-boxed elementor-section-height-default elementor-section-height-default\" data-id=\"304931e4\" data-element_type=\"section\" data-e-type=\"section\">\n\t\t\t\t\t\t<div class=\"elementor-container elementor-column-gap-default\">\n\t\t\t\t\t<div class=\"elementor-column elementor-col-100 elementor-inner-column elementor-element elementor-element-11cf7c33\" data-id=\"11cf7c33\" data-element_type=\"column\" data-e-type=\"column\">\n\t\t\t<div class=\"elementor-widget-wrap elementor-element-populated\">\n\t\t\t\t\t\t<div class=\"elementor-element elementor-element-23851dfe elementor-widget elementor-widget-themedraft_team_minimal\" data-id=\"23851dfe\" data-element_type=\"widget\" data-e-type=\"widget\" data-widget_type=\"themedraft_team_minimal.default\">\n\t\t\t\t<div class=\"elementor-widget-container\">\n\t\t\t\t\t\n\t\t<div class=\"td-team-minimal-wrapper\">\n\t\t\t<div class=\"td-team-content\">\n\t\t\t\t<div class=\"member-image td-cover-bg\" style=\"background-image: url(https:\/\/theatlaslegal.com\/wp-content\/uploads\/2026\/03\/521936413_18049534481535955_5903168145019056842_n.jpg)\"><\/div>\n\t\t\t\t                    <h4 class=\"member-name\">Musab Gunes<\/h4>\n                \n\t\t\t\t<span class=\"member-designation\">Director General de Atlas Inmigraci\u00f3n<\/span>\n\t\t\t<\/div>\n\t\t<\/div>\n\n\t\t\t\t\t\t<\/div>\n\t\t\t\t<\/div>\n\t\t\t\t\t<\/div>\n\t\t<\/div>\n\t\t\t\t\t<\/div>\n\t\t<\/section>\n\t\t\t\t\t<\/div>\n\t\t<\/div>\n\t\t\t\t\t<\/div>\n\t\t<\/section>\n\t\t\t\t<section class=\"elementor-section elementor-top-section elementor-element elementor-element-4e24eefe elementor-section-boxed elementor-section-height-default elementor-section-height-default\" data-id=\"4e24eefe\" data-element_type=\"section\" data-e-type=\"section\">\n\t\t\t\t\t\t<div class=\"elementor-container elementor-column-gap-default\">\n\t\t\t\t\t<div class=\"elementor-column elementor-col-100 elementor-top-column elementor-element elementor-element-35e0bdec\" data-id=\"35e0bdec\" data-element_type=\"column\" data-e-type=\"column\">\n\t\t\t<div class=\"elementor-widget-wrap elementor-element-populated\">\n\t\t\t\t\t\t<div class=\"elementor-element elementor-element-3a3040f5 elementor-widget elementor-widget-themedraft_section_title\" data-id=\"3a3040f5\" data-element_type=\"widget\" data-e-type=\"widget\" data-widget_type=\"themedraft_section_title.default\">\n\t\t\t\t<div class=\"elementor-widget-container\">\n\t\t\t\t\t\n        <div class=\"row\">\n            <div class=\"col-lg-12\">\n                <div class=\"td-section-title-wrap\">\n                    <div class=\"td-section-title-content\">\n\n                        <div class=\"subtitle-and-title\">\n                                                        <h6 class=\"subtitle\">Proceso de trabajo<\/h6>\n                            \n                            <h2 class=\"title\">C\u00f3mo llevamos su caso                            <\/h2>\n                        <\/div>\n                                            <\/div>\n                <\/div>\n            <\/div>\n        <\/div>\n\n\t\t\t\t\t\t<\/div>\n\t\t\t\t<\/div>\n\t\t\t\t<div class=\"elementor-element elementor-element-834e26e elementor-widget elementor-widget-themedraft_process_box\" data-id=\"834e26e\" data-element_type=\"widget\" data-e-type=\"widget\" data-widget_type=\"themedraft_process_box.default\">\n\t\t\t\t<div class=\"elementor-widget-container\">\n\t\t\t\t\t\n\t\t<div class=\"row td-process-box-row\">\n\n\t\t\t\n\t\t\t\t\t<div class=\"col-lg-3 col-md-6\">\n\n\t\t\t\t\t\t<div class=\"td-single-process-box box-icon-top\">\n\n\t\t\t\t\t\t\t<div class=\"process-box-icon box-top-icon\">\n\t\t\t\t\t\t\t\t<div class=\"process-box-background-icon\"><i class=\"flaticon-law-hexagon-2\"><\/i><\/div>\n\t\t\t\t\t\t\t\t<div class=\"process-box-main-icon\">\n\t\t\t\t\t\t\t\t\t\t\t\t\t\t\t\t\t\t\t<i aria-hidden=\"true\" class=\"td-icon flaticon-law-briefcase\"><\/i>\t\t\t\t\t\t\t\t\t\t\t\t\t\t\t\t\t<\/div>\n\t\t\t\t\t\t\t<\/div>\n\n\t\t\t\t\t\t\t<div class=\"process-content\">\n\t\t\t\t\t\t\t\t\t\t\t\t\t\t\t\t\t<h4 class=\"td-process-title\">Evaluaci\u00f3n de casos<\/h4>\n\t\t\t\t\t\t\t\t\n\t\t\t\t\t\t\t\t<div class=\"process-desc\">\n\t\t\t\t\t\t\t\t\t<p>Revisamos sus antecedentes y determinamos la mejor estrategia de inmigraci\u00f3n.<\/p>\t\t\t\t\t\t\t\t<\/div>\n\t\t\t\t\t\t\t<\/div>\n\n\t\t\t\t\t\t\t\t<div class=\"process-box-icon box-bottom-icon\">\n\t\t\t\t\t\t\t\t\t<div class=\"process-box-background-icon\"><i class=\"flaticon-law-hexagon-2\"><\/i><\/div>\n\n\t\t\t\t\t\t\t\t\t<div class=\"process-box-main-icon\">\n\t\t\t\t\t\t\t\t\t\t\t\t\t\t\t\t\t\t\t\t\t<i aria-hidden=\"true\" class=\"td-icon flaticon-law-briefcase\"><\/i>\t\t\t\t\t\t\t\t\t\t\t\t\t\t\t\t\t\t\t<\/div>\n\t\t\t\t\t\t\t\t<\/div>\n\n\t\t\t\t\t\t<\/div>\n\t\t\t\t\t<\/div>\n\n\t\t\t\t\n\t\t\t\t\t<div class=\"col-lg-3 col-md-6\">\n\n\t\t\t\t\t\t<div class=\"td-single-process-box box-icon-bottom\">\n\n\t\t\t\t\t\t\t<div class=\"process-box-icon box-top-icon\">\n\t\t\t\t\t\t\t\t<div class=\"process-box-background-icon\"><i class=\"flaticon-law-hexagon-2\"><\/i><\/div>\n\t\t\t\t\t\t\t\t<div class=\"process-box-main-icon\">\n\t\t\t\t\t\t\t\t\t\t\t\t\t\t\t\t\t\t\t<i aria-hidden=\"true\" class=\"td-icon flaticon-business-list\"><\/i>\t\t\t\t\t\t\t\t\t\t\t\t\t\t\t\t\t<\/div>\n\t\t\t\t\t\t\t<\/div>\n\n\t\t\t\t\t\t\t<div class=\"process-content\">\n\t\t\t\t\t\t\t\t\t\t\t\t\t\t\t\t\t<h4 class=\"td-process-title\">Preparaci\u00f3n jur\u00eddica<\/h4>\n\t\t\t\t\t\t\t\t\n\t\t\t\t\t\t\t\t<div class=\"process-desc\">\n\t\t\t\t\t\t\t\t\t<p data-start=\"713\" data-end=\"808\">Preparamos su petici\u00f3n con documentaci\u00f3n detallada y apoyo jur\u00eddico.<\/p>\t\t\t\t\t\t\t\t<\/div>\n\t\t\t\t\t\t\t<\/div>\n\n\t\t\t\t\t\t\t\t<div class=\"process-box-icon box-bottom-icon\">\n\t\t\t\t\t\t\t\t\t<div class=\"process-box-background-icon\"><i class=\"flaticon-law-hexagon-2\"><\/i><\/div>\n\n\t\t\t\t\t\t\t\t\t<div class=\"process-box-main-icon\">\n\t\t\t\t\t\t\t\t\t\t\t\t\t\t\t\t\t\t\t\t\t<i aria-hidden=\"true\" class=\"td-icon flaticon-business-list\"><\/i>\t\t\t\t\t\t\t\t\t\t\t\t\t\t\t\t\t\t\t<\/div>\n\t\t\t\t\t\t\t\t<\/div>\n\n\t\t\t\t\t\t<\/div>\n\t\t\t\t\t<\/div>\n\n\t\t\t\t\n\t\t\t\t\t<div class=\"col-lg-3 col-md-6\">\n\n\t\t\t\t\t\t<div class=\"td-single-process-box box-icon-top\">\n\n\t\t\t\t\t\t\t<div class=\"process-box-icon box-top-icon\">\n\t\t\t\t\t\t\t\t<div class=\"process-box-background-icon\"><i class=\"flaticon-law-hexagon-2\"><\/i><\/div>\n\t\t\t\t\t\t\t\t<div class=\"process-box-main-icon\">\n\t\t\t\t\t\t\t\t\t\t\t\t\t\t\t\t\t\t\t<i aria-hidden=\"true\" class=\"td-icon flaticon-law-gun-1\"><\/i>\t\t\t\t\t\t\t\t\t\t\t\t\t\t\t\t\t<\/div>\n\t\t\t\t\t\t\t<\/div>\n\n\t\t\t\t\t\t\t<div class=\"process-content\">\n\t\t\t\t\t\t\t\t\t\t\t\t\t\t\t\t\t<h4 class=\"td-process-title\">Presentaci\u00f3n y tramitaci\u00f3n<\/h4>\n\t\t\t\t\t\t\t\t\n\t\t\t\t\t\t\t\t<div class=\"process-desc\">\n\t\t\t\t\t\t\t\t\t<p data-start=\"816\" data-end=\"905\">Su caso se archiva y supervisa cuidadosamente a lo largo de todas las etapas.<\/p>\t\t\t\t\t\t\t\t<\/div>\n\t\t\t\t\t\t\t<\/div>\n\n\t\t\t\t\t\t\t\t<div class=\"process-box-icon box-bottom-icon\">\n\t\t\t\t\t\t\t\t\t<div class=\"process-box-background-icon\"><i class=\"flaticon-law-hexagon-2\"><\/i><\/div>\n\n\t\t\t\t\t\t\t\t\t<div class=\"process-box-main-icon\">\n\t\t\t\t\t\t\t\t\t\t\t\t\t\t\t\t\t\t\t\t\t<i aria-hidden=\"true\" class=\"td-icon flaticon-law-gun-1\"><\/i>\t\t\t\t\t\t\t\t\t\t\t\t\t\t\t\t\t\t\t<\/div>\n\t\t\t\t\t\t\t\t<\/div>\n\n\t\t\t\t\t\t<\/div>\n\t\t\t\t\t<\/div>\n\n\t\t\t\t\n\t\t\t\t\t<div class=\"col-lg-3 col-md-6\">\n\n\t\t\t\t\t\t<div class=\"td-single-process-box box-icon-bottom\">\n\n\t\t\t\t\t\t\t<div class=\"process-box-icon box-top-icon\">\n\t\t\t\t\t\t\t\t<div class=\"process-box-background-icon\"><i class=\"flaticon-law-hexagon-2\"><\/i><\/div>\n\t\t\t\t\t\t\t\t<div class=\"process-box-main-icon\">\n\t\t\t\t\t\t\t\t\t\t\t\t\t\t\t\t\t\t\t<i aria-hidden=\"true\" class=\"td-icon flaticon-law-auction\"><\/i>\t\t\t\t\t\t\t\t\t\t\t\t\t\t\t\t\t<\/div>\n\t\t\t\t\t\t\t<\/div>\n\n\t\t\t\t\t\t\t<div class=\"process-content\">\n\t\t\t\t\t\t\t\t\t\t\t\t\t\t\t\t\t<h4 class=\"td-process-title\">Aprobaci\u00f3n y pr\u00f3ximos pasos<\/h4>\n\t\t\t\t\t\t\t\t\n\t\t\t\t\t\t\t\t<div class=\"process-desc\">\n\t\t\t\t\t\t\t\t\t<p data-start=\"913\" data-end=\"1009\">Le guiamos hasta la aprobaci\u00f3n y le ayudamos con el siguiente paso de inmigraci\u00f3n.<\/p>\t\t\t\t\t\t\t\t<\/div>\n\t\t\t\t\t\t\t<\/div>\n\n\t\t\t\t\t\t\t\t<div class=\"process-box-icon box-bottom-icon\">\n\t\t\t\t\t\t\t\t\t<div class=\"process-box-background-icon\"><i class=\"flaticon-law-hexagon-2\"><\/i><\/div>\n\n\t\t\t\t\t\t\t\t\t<div class=\"process-box-main-icon\">\n\t\t\t\t\t\t\t\t\t\t\t\t\t\t\t\t\t\t\t\t\t<i aria-hidden=\"true\" class=\"td-icon flaticon-law-auction\"><\/i>\t\t\t\t\t\t\t\t\t\t\t\t\t\t\t\t\t\t\t<\/div>\n\t\t\t\t\t\t\t\t<\/div>\n\n\t\t\t\t\t\t<\/div>\n\t\t\t\t\t<\/div>\n\n\t\t\t\t\n\t\t<\/div>\n\n\t\t\t\t\t\t<\/div>\n\t\t\t\t<\/div>\n\t\t\t\t\t<\/div>\n\t\t<\/div>\n\t\t\t\t\t<\/div>\n\t\t<\/section>\n\t\t\t\t<\/div>","protected":false},"excerpt":{"rendered":"<p>About Company Who We Are at Atlas Legal Founded by a successful immigrant, Atlas Legal represents dedication, experience, and achievement in the field of U.S. Immigration Law. Based in the Chicago metropolitan area, our firm proudly serves clients across all 50 states and internationally, providing strategic legal guidance in a wide range of immigration matters. [&hellip;]<\/p>\n","protected":false},"author":1,"featured_media":0,"parent":0,"menu_order":0,"comment_status":"closed","ping_status":"closed","template":"","meta":{"footnotes":""},"class_list":["post-43","page","type-page","status-publish","hentry"],"_hostinger_reach_plugin_has_subscription_block":false,"_hostinger_reach_plugin_is_elementor":false,"_links":{"self":[{"href":"https:\/\/theatlaslegal.com\/es\/wp-json\/wp\/v2\/pages\/43","targetHints":{"allow":["GET"]}}],"collection":[{"href":"https:\/\/theatlaslegal.com\/es\/wp-json\/wp\/v2\/pages"}],"about":[{"href":"https:\/\/theatlaslegal.com\/es\/wp-json\/wp\/v2\/types\/page"}],"author":[{"embeddable":true,"href":"https:\/\/theatlaslegal.com\/es\/wp-json\/wp\/v2\/users\/1"}],"replies":[{"embeddable":true,"href":"https:\/\/theatlaslegal.com\/es\/wp-json\/wp\/v2\/comments?post=43"}],"version-history":[{"count":10,"href":"https:\/\/theatlaslegal.com\/es\/wp-json\/wp\/v2\/pages\/43\/revisions"}],"predecessor-version":[{"id":641,"href":"https:\/\/theatlaslegal.com\/es\/wp-json\/wp\/v2\/pages\/43\/revisions\/641"}],"wp:attachment":[{"href":"https:\/\/theatlaslegal.com\/es\/wp-json\/wp\/v2\/media?parent=43"}],"curies":[{"name":"wp","href":"https:\/\/api.w.org\/{rel}","templated":true}]}}