{"id":39,"date":"2020-03-22T00:10:09","date_gmt":"2020-03-22T00:10:09","guid":{"rendered":"http:\/\/tf.themedraft.com\/wp\/ukilvai\/?page_id=39"},"modified":"2026-03-12T18:48:22","modified_gmt":"2026-03-12T18:48:22","slug":"services","status":"publish","type":"page","link":"https:\/\/theatlaslegal.com\/es\/services\/","title":{"rendered":"Servicios"},"content":{"rendered":"<div data-elementor-type=\"wp-page\" data-elementor-id=\"39\" class=\"elementor elementor-39\">\n\t\t\t\t\t\t<section class=\"elementor-section elementor-top-section elementor-element elementor-element-1146f2a0 elementor-section-stretched elementor-section-boxed elementor-section-height-default elementor-section-height-default\" data-id=\"1146f2a0\" data-element_type=\"section\" data-e-type=\"section\" data-settings=\"{&quot;stretch_section&quot;:&quot;section-stretched&quot;,&quot;background_background&quot;:&quot;classic&quot;}\">\n\t\t\t\t\t\t<div class=\"elementor-container elementor-column-gap-default\">\n\t\t\t\t\t<div class=\"elementor-column elementor-col-100 elementor-top-column elementor-element elementor-element-5f243ff1\" data-id=\"5f243ff1\" data-element_type=\"column\" data-e-type=\"column\">\n\t\t\t<div class=\"elementor-widget-wrap elementor-element-populated\">\n\t\t\t\t\t\t<div class=\"elementor-element elementor-element-1fc6183b elementor-widget elementor-widget-themedraft_section_title\" data-id=\"1fc6183b\" data-element_type=\"widget\" data-e-type=\"widget\" data-widget_type=\"themedraft_section_title.default\">\n\t\t\t\t<div class=\"elementor-widget-container\">\n\t\t\t\t\t\n        <div class=\"row\">\n            <div class=\"col-lg-12\">\n                <div class=\"td-section-title-wrap\">\n                    <div class=\"td-section-title-content\">\n\n                        <div class=\"subtitle-and-title\">\n                                                        <h6 class=\"subtitle\">Derecho de inmigraci\u00f3n<\/h6>\n                            \n                            <h2 class=\"title\">Servicios profesionales de inmigraci\u00f3n                            <\/h2>\n                        <\/div>\n                                            <\/div>\n                <\/div>\n            <\/div>\n        <\/div>\n\n\t\t\t\t\t\t<\/div>\n\t\t\t\t<\/div>\n\t\t\t\t<div class=\"elementor-element elementor-element-3ba6084 elementor-widget elementor-widget-themedraft_service_box\" data-id=\"3ba6084\" data-element_type=\"widget\" data-e-type=\"widget\" data-widget_type=\"themedraft_service_box.default\">\n\t\t\t\t<div class=\"elementor-widget-container\">\n\t\t\t\t\t\n        <div class=\"row\">\n\n\t\t\t\n                    <div class=\"col-lg-4 col-md-6\">\n\n\t\t\t\t\t\t\n                            <div class=\"td-single-service-box\">\n                                <div class=\"service-box-icon\">\n                                    <div class=\"background-icon\"><i class=\"flaticon-law-hexagon-2\"><\/i><\/div>\n\n                                    <div class=\"service-box-main-icon\">\n\t\t\t\t\t\t\t\t\t\t\t\t\t\t\t\t\t\t\t\t\t<svg aria-hidden=\"true\" class=\"e-font-icon-svg e-fas-business-time\" viewbox=\"0 0 640 512\" xmlns=\"http:\/\/www.w3.org\/2000\/svg\"><path d=\"M496 224c-79.59 0-144 64.41-144 144s64.41 144 144 144 144-64.41 144-144-64.41-144-144-144zm64 150.29c0 5.34-4.37 9.71-9.71 9.71h-60.57c-5.34 0-9.71-4.37-9.71-9.71v-76.57c0-5.34 4.37-9.71 9.71-9.71h12.57c5.34 0 9.71 4.37 9.71 9.71V352h38.29c5.34 0 9.71 4.37 9.71 9.71v12.58zM496 192c5.4 0 10.72.33 16 .81V144c0-25.6-22.4-48-48-48h-80V48c0-25.6-22.4-48-48-48H176c-25.6 0-48 22.4-48 48v48H48c-25.6 0-48 22.4-48 48v80h395.12c28.6-20.09 63.35-32 100.88-32zM320 96H192V64h128v32zm6.82 224H208c-8.84 0-16-7.16-16-16v-48H0v144c0 25.6 22.4 48 48 48h291.43C327.1 423.96 320 396.82 320 368c0-16.66 2.48-32.72 6.82-48z\"><\/path><\/svg>\t\t\t\t\t\t\t\t\t\t                                    <\/div>\n                                <\/div>\n\n                                <div class=\"service-content\">\n\t\t\t\t\t\t\t\t\t                                        <a href=\"https:\/\/theatlaslegal.com\/es\/visados-de-trabajo\/\" class=\"td-service-title\" >Empleo V\u0131sas<\/a>\n\t\t\t\t\t\t\t\t\t\n                                    <div class=\"service-desc\">\n\t\t\t\t\t\t\t\t\t\t<p data-start=\"216\" data-end=\"274\">Soluciones de visado de trabajo para profesionales y empresas<\/p>                                    <\/div>\n                                <\/div>\n                            <\/div>\n\n\t\t\t\t\t\t\t                    <\/div>\n\n\t\t\t\t\n                    <div class=\"col-lg-4 col-md-6\">\n\n\t\t\t\t\t\t\n                            <div class=\"td-single-service-box\">\n                                <div class=\"service-box-icon\">\n                                    <div class=\"background-icon\"><i class=\"flaticon-law-hexagon-2\"><\/i><\/div>\n\n                                    <div class=\"service-box-main-icon\">\n\t\t\t\t\t\t\t\t\t\t\t\t\t\t\t\t\t\t\t\t\t<i aria-hidden=\"true\" class=\"td-icon flaticon-business-investment\"><\/i>\t\t\t\t\t\t\t\t\t\t                                    <\/div>\n                                <\/div>\n\n                                <div class=\"service-content\">\n\t\t\t\t\t\t\t\t\t                                        <a href=\"https:\/\/theatlaslegal.com\/es\/investor-and-trader-visas\/\" class=\"td-service-title\" >Visados para inversores y comerciantes<\/a>\n\t\t\t\t\t\t\t\t\t\n                                    <div class=\"service-desc\">\n\t\t\t\t\t\t\t\t\t\t<p data-start=\"307\" data-end=\"350\">E-1, E-2 y servicios de inmigraci\u00f3n empresarial<\/p>                                    <\/div>\n                                <\/div>\n                            <\/div>\n\n\t\t\t\t\t\t\t                    <\/div>\n\n\t\t\t\t\n                    <div class=\"col-lg-4 col-md-6\">\n\n\t\t\t\t\t\t\n                            <div class=\"td-single-service-box\">\n                                <div class=\"service-box-icon\">\n                                    <div class=\"background-icon\"><i class=\"flaticon-law-hexagon-2\"><\/i><\/div>\n\n                                    <div class=\"service-box-main-icon\">\n\t\t\t\t\t\t\t\t\t\t\t\t\t\t\t\t\t\t\t\t\t<svg aria-hidden=\"true\" class=\"e-font-icon-svg e-fas-id-card-alt\" viewbox=\"0 0 576 512\" xmlns=\"http:\/\/www.w3.org\/2000\/svg\"><path d=\"M528 64H384v96H192V64H48C21.5 64 0 85.5 0 112v352c0 26.5 21.5 48 48 48h480c26.5 0 48-21.5 48-48V112c0-26.5-21.5-48-48-48zM288 224c35.3 0 64 28.7 64 64s-28.7 64-64 64-64-28.7-64-64 28.7-64 64-64zm93.3 224H194.7c-10.4 0-18.8-10-15.6-19.8 8.3-25.6 32.4-44.2 60.9-44.2h8.2c12.3 5.1 25.7 8 39.8 8s27.6-2.9 39.8-8h8.2c28.4 0 52.5 18.5 60.9 44.2 3.2 9.8-5.2 19.8-15.6 19.8zM352 32c0-17.7-14.3-32-32-32h-64c-17.7 0-32 14.3-32 32v96h128V32z\"><\/path><\/svg>\t\t\t\t\t\t\t\t\t\t                                    <\/div>\n                                <\/div>\n\n                                <div class=\"service-content\">\n\t\t\t\t\t\t\t\t\t                                        <a href=\"https:\/\/theatlaslegal.com\/es\/employment-green-cards\/\" class=\"td-service-title\" >Tarjetas verdes de empleo<\/a>\n\t\t\t\t\t\t\t\t\t\n                                    <div class=\"service-desc\">\n\t\t\t\t\t\t\t\t\t\t<p data-start=\"380\" data-end=\"429\">Residencia permanente mediante peticiones de empleo<\/p>                                    <\/div>\n                                <\/div>\n                            <\/div>\n\n\t\t\t\t\t\t\t                    <\/div>\n\n\t\t\t\t\n                    <div class=\"col-lg-4 col-md-6\">\n\n\t\t\t\t\t\t\n                            <div class=\"td-single-service-box\">\n                                <div class=\"service-box-icon\">\n                                    <div class=\"background-icon\"><i class=\"flaticon-law-hexagon-2\"><\/i><\/div>\n\n                                    <div class=\"service-box-main-icon\">\n\t\t\t\t\t\t\t\t\t\t\t\t\t\t\t\t\t\t\t\t\t<svg aria-hidden=\"true\" class=\"e-font-icon-svg e-fas-theater-masks\" viewbox=\"0 0 640 512\" xmlns=\"http:\/\/www.w3.org\/2000\/svg\"><path d=\"M206.86 245.15c-35.88 10.45-59.95 41.2-57.53 74.1 11.4-12.72 28.81-23.7 49.9-30.92l7.63-43.18zM95.81 295L64.08 115.49c-.29-1.62.28-2.62.24-2.65 57.76-32.06 123.12-49.01 189.01-49.01 1.61 0 3.23.17 4.85.19 13.95-13.47 31.73-22.83 51.59-26 18.89-3.02 38.05-4.55 57.18-5.32-9.99-13.95-24.48-24.23-41.77-27C301.27 1.89 277.24 0 253.32 0 176.66 0 101.02 19.42 33.2 57.06 9.03 70.48-3.92 98.48 1.05 126.58l31.73 179.51c14.23 80.52 136.33 142.08 204.45 142.08 3.59 0 6.75-.46 10.01-.8-13.52-17.08-28.94-40.48-39.5-67.58-47.61-12.98-106.06-51.62-111.93-84.79zm97.55-137.46c-.73-4.12-2.23-7.87-4.07-11.4-8.25 8.91-20.67 15.75-35.32 18.32-14.65 2.58-28.67.4-39.48-5.17-.52 3.94-.64 7.98.09 12.1 3.84 21.7 24.58 36.19 46.34 32.37 21.75-3.82 36.28-24.52 32.44-46.22zM606.8 120.9c-88.98-49.38-191.43-67.41-291.98-51.35-27.31 4.36-49.08 26.26-54.04 54.36l-31.73 179.51c-15.39 87.05 95.28 196.27 158.31 207.35 63.03 11.09 204.47-53.79 219.86-140.84l31.73-179.51c4.97-28.11-7.98-56.11-32.15-69.52zm-273.24 96.8c3.84-21.7 24.58-36.19 46.34-32.36 21.76 3.83 36.28 24.52 32.45 46.22-.73 4.12-2.23 7.87-4.07 11.4-8.25-8.91-20.67-15.75-35.32-18.32-14.65-2.58-28.67-.4-39.48 5.17-.53-3.95-.65-7.99.08-12.11zm70.47 198.76c-55.68-9.79-93.52-59.27-89.04-112.9 20.6 25.54 56.21 46.17 99.49 53.78 43.28 7.61 83.82.37 111.93-16.6-14.18 51.94-66.71 85.51-122.38 75.72zm130.3-151.34c-8.25-8.91-20.68-15.75-35.33-18.32-14.65-2.58-28.67-.4-39.48 5.17-.52-3.94-.64-7.98.09-12.1 3.84-21.7 24.58-36.19 46.34-32.37 21.75 3.83 36.28 24.52 32.45 46.22-.73 4.13-2.23 7.88-4.07 11.4z\"><\/path><\/svg>\t\t\t\t\t\t\t\t\t\t                                    <\/div>\n                                <\/div>\n\n                                <div class=\"service-content\">\n\t\t\t\t\t\t\t\t\t                                        <a href=\"https:\/\/theatlaslegal.com\/es\/visados-de-talento-y-rendimiento\/\" class=\"td-service-title\" >Visados de talento y rendimiento<\/a>\n\t\t\t\t\t\t\t\t\t\n                                    <div class=\"service-desc\">\n\t\t\t\t\t\t\t\t\t\t<p data-start=\"465\" data-end=\"508\">Visados O-1, P para personas extraordinarias<\/p>                                    <\/div>\n                                <\/div>\n                            <\/div>\n\n\t\t\t\t\t\t\t                    <\/div>\n\n\t\t\t\t\n                    <div class=\"col-lg-4 col-md-6\">\n\n\t\t\t\t\t\t\n                            <div class=\"td-single-service-box\">\n                                <div class=\"service-box-icon\">\n                                    <div class=\"background-icon\"><i class=\"flaticon-law-hexagon-2\"><\/i><\/div>\n\n                                    <div class=\"service-box-main-icon\">\n\t\t\t\t\t\t\t\t\t\t\t\t\t\t\t\t\t\t\t\t\t<i aria-hidden=\"true\" class=\"td-icon flaticon-law-balance\"><\/i>\t\t\t\t\t\t\t\t\t\t                                    <\/div>\n                                <\/div>\n\n                                <div class=\"service-content\">\n\t\t\t\t\t\t\t\t\t                                        <a href=\"https:\/\/theatlaslegal.com\/es\/inmigracion-familiar\/\" class=\"td-service-title\" >Inmigraci\u00f3n familiar<\/a>\n\t\t\t\t\t\t\t\t\t\n                                    <div class=\"service-desc\">\n\t\t\t\t\t\t\t\t\t\t<p data-start=\"540\" data-end=\"585\">Peticiones para c\u00f3nyuges, padres y parientes<\/p>                                    <\/div>\n                                <\/div>\n                            <\/div>\n\n\t\t\t\t\t\t\t                    <\/div>\n\n\t\t\t\t\n                    <div class=\"col-lg-4 col-md-6\">\n\n\t\t\t\t\t\t\n                            <div class=\"td-single-service-box\">\n                                <div class=\"service-box-icon\">\n                                    <div class=\"background-icon\"><i class=\"flaticon-law-hexagon-2\"><\/i><\/div>\n\n                                    <div class=\"service-box-main-icon\">\n\t\t\t\t\t\t\t\t\t\t\t\t\t\t\t\t\t\t\t\t\t<svg aria-hidden=\"true\" class=\"e-font-icon-svg e-fas-school\" viewbox=\"0 0 640 512\" xmlns=\"http:\/\/www.w3.org\/2000\/svg\"><path d=\"M0 224v272c0 8.84 7.16 16 16 16h80V192H32c-17.67 0-32 14.33-32 32zm360-48h-24v-40c0-4.42-3.58-8-8-8h-16c-4.42 0-8 3.58-8 8v64c0 4.42 3.58 8 8 8h48c4.42 0 8-3.58 8-8v-16c0-4.42-3.58-8-8-8zm137.75-63.96l-160-106.67a32.02 32.02 0 0 0-35.5 0l-160 106.67A32.002 32.002 0 0 0 128 138.66V512h128V368c0-8.84 7.16-16 16-16h96c8.84 0 16 7.16 16 16v144h128V138.67c0-10.7-5.35-20.7-14.25-26.63zM320 256c-44.18 0-80-35.82-80-80s35.82-80 80-80 80 35.82 80 80-35.82 80-80 80zm288-64h-64v320h80c8.84 0 16-7.16 16-16V224c0-17.67-14.33-32-32-32z\"><\/path><\/svg>\t\t\t\t\t\t\t\t\t\t                                    <\/div>\n                                <\/div>\n\n                                <div class=\"service-content\">\n\t\t\t\t\t\t\t\t\t                                        <a href=\"https:\/\/theatlaslegal.com\/es\/visados-para-estudiantes-y-visitantes-de-intercambio\/\" class=\"td-service-title\" >Visados para estudiantes y visitantes en r\u00e9gimen de intercambio<\/a>\n\t\t\t\t\t\t\t\t\t\n                                    <div class=\"service-desc\">\n\t\t\t\t\t\t\t\t\t\t<p data-start=\"627\" data-end=\"662\">F-1, J-1 y visados de estudios<\/p>                                    <\/div>\n                                <\/div>\n                            <\/div>\n\n\t\t\t\t\t\t\t                    <\/div>\n\n\t\t\t\t\n                    <div class=\"col-lg-4 col-md-6\">\n\n\t\t\t\t\t\t\n                            <div class=\"td-single-service-box\">\n                                <div class=\"service-box-icon\">\n                                    <div class=\"background-icon\"><i class=\"flaticon-law-hexagon-2\"><\/i><\/div>\n\n                                    <div class=\"service-box-main-icon\">\n\t\t\t\t\t\t\t\t\t\t\t\t\t\t\t\t\t\t\t\t\t<i aria-hidden=\"true\" class=\"td-icon flaticon-law-balance-1\"><\/i>\t\t\t\t\t\t\t\t\t\t                                    <\/div>\n                                <\/div>\n\n                                <div class=\"service-content\">\n\t\t\t\t\t\t\t\t\t                                        <a href=\"https:\/\/theatlaslegal.com\/es\/visitor-visas\/\" class=\"td-service-title\" >Visados para visitantes<\/a>\n\t\t\t\t\t\t\t\t\t\n                                    <div class=\"service-desc\">\n\t\t\t\t\t\t\t\t\t\t<p data-start=\"683\" data-end=\"719\">Visados tur\u00edsticos y para viajes de corta duraci\u00f3n.<\/p>                                    <\/div>\n                                <\/div>\n                            <\/div>\n\n\t\t\t\t\t\t\t                    <\/div>\n\n\t\t\t\t\n                    <div class=\"col-lg-4 col-md-6\">\n\n\t\t\t\t\t\t\n                            <div class=\"td-single-service-box\">\n                                <div class=\"service-box-icon\">\n                                    <div class=\"background-icon\"><i class=\"flaticon-law-hexagon-2\"><\/i><\/div>\n\n                                    <div class=\"service-box-main-icon\">\n\t\t\t\t\t\t\t\t\t\t\t\t\t\t\t\t\t\t\t\t\t<i aria-hidden=\"true\" class=\"td-icon flaticon-law-balance-2\"><\/i>\t\t\t\t\t\t\t\t\t\t                                    <\/div>\n                                <\/div>\n\n                                <div class=\"service-content\">\n\t\t\t\t\t\t\t\t\t                                        <a href=\"\/es\/naturalizacion\/\" class=\"td-service-title\" >Naturalizaci\u00f3n<\/a>\n\t\t\t\t\t\t\t\t\t\n                                    <div class=\"service-desc\">\n\t\t\t\t\t\t\t\t\t\t<p data-start=\"741\" data-end=\"785\">Ciudadan\u00eda estadounidense y proceso de naturalizaci\u00f3n.<\/p>                                    <\/div>\n                                <\/div>\n                            <\/div>\n\n\t\t\t\t\t\t\t                    <\/div>\n\n\t\t\t\t\n                    <div class=\"col-lg-4 col-md-6\">\n\n\t\t\t\t\t\t\n                            <div class=\"td-single-service-box\">\n                                <div class=\"service-box-icon\">\n                                    <div class=\"background-icon\"><i class=\"flaticon-law-hexagon-2\"><\/i><\/div>\n\n                                    <div class=\"service-box-main-icon\">\n\t\t\t\t\t\t\t\t\t\t\t\t\t\t\t\t\t\t\t\t\t<i aria-hidden=\"true\" class=\"flaticon-law-auction\"><\/i>\t\t\t\t\t\t\t\t\t\t                                    <\/div>\n                                <\/div>\n\n                                <div class=\"service-content\">\n\t\t\t\t\t\t\t\t\t                                        <a href=\"https:\/\/theatlaslegal.com\/es\/immigration-litigation\/\" class=\"td-service-title\" >Litigios de inmigraci\u00f3n<\/a>\n\t\t\t\t\t\t\t\t\t\n                                    <div class=\"service-desc\">\n\t\t\t\t\t\t\t\t\t\t<p data-start=\"815\" data-end=\"857\">Mandamus, retrasos, denegaciones y procesos judiciales.<\/p>                                    <\/div>\n                                <\/div>\n                            <\/div>\n\n\t\t\t\t\t\t\t                    <\/div>\n\n\t\t\t\t\n        <\/div>\n\n\t\t\t\t\t\t<\/div>\n\t\t\t\t<\/div>\n\t\t\t\t\t<\/div>\n\t\t<\/div>\n\t\t\t\t\t<\/div>\n\t\t<\/section>\n\t\t\t\t<section class=\"elementor-section elementor-top-section elementor-element elementor-element-5d6e8fb8 elementor-section-stretched elementor-section-full_width elementor-section-height-default elementor-section-height-default\" data-id=\"5d6e8fb8\" data-element_type=\"section\" data-e-type=\"section\" data-settings=\"{&quot;stretch_section&quot;:&quot;section-stretched&quot;,&quot;background_background&quot;:&quot;classic&quot;}\">\n\t\t\t\t\t\t<div class=\"elementor-container elementor-column-gap-no\">\n\t\t\t\t\t<div class=\"elementor-column elementor-col-100 elementor-top-column elementor-element elementor-element-1af0a0e2\" data-id=\"1af0a0e2\" data-element_type=\"column\" data-e-type=\"column\">\n\t\t\t<div class=\"elementor-widget-wrap elementor-element-populated\">\n\t\t\t\t\t\t<div class=\"elementor-element elementor-element-11d7efc5 elementor-widget elementor-widget-themedraft_choose_us_section\" data-id=\"11d7efc5\" data-element_type=\"widget\" data-e-type=\"widget\" data-widget_type=\"themedraft_choose_us_section.default\">\n\t\t\t\t<div class=\"elementor-widget-container\">\n\t\t\t\t\t\n        <div class=\"why-choose-us-wrapper\">\n\t        <div class=\"container\">\n\t\t        <div class=\"row\">\n\t\t\t        <div class=\"col-xl-6 col-lg-12\">\n\t\t\t\t        <div class=\"td-section-title-wrap\">\n\t\t\t\t\t        <div class=\"td-section-title-content\">\n\n\t\t\t\t\t\t        <div class=\"subtitle-and-title\">\n\t\t\t\t\t\t\t        \t\t\t\t\t\t\t        <h6\t\t\t\t\t\t\t        class=\"subtitle\">Por qu\u00e9 elegir Atlas Legal<\/h6>\n\t\t\t\t\t\t            \n\t\t\t\t\t\t            <h2 class=\"title\">Comprometidos con el \u00e9xito de su inmigraci\u00f3n\t\t\t\t\t                <\/h2>\n\t\t\t\t                <\/div>\n\n\t\t\t\t\t\t        \t\t\t\t\t\t\t        <div class=\"title-description\">\n\t\t\t\t\t\t\t\t        <p>Atlas Legal ofrece representaci\u00f3n estrat\u00e9gica y centrada en el cliente en materia de derecho de inmigraci\u00f3n estadounidense. Guiamos a individuos, familias, empresarios y profesionales a trav\u00e9s de complejos asuntos de inmigraci\u00f3n con claridad, precisi\u00f3n y cuidado.<\/p>\t\t\t\t\t\t\t        <\/div>\n\t\t\t\t\t\t        \t\t\t                <\/div>\n\t\t                <\/div>\n\n                        <div class=\"td-left-icon-with-text-wrapper\">\n\n                            \n                            <div class=\"td-single-left-icon-with-text\">\n                                <div class=\"td-left-icon\">\n                                    <div class=\"left-box-background-icon\"><i class=\"flaticon-law-hexagon-2\"><\/i><\/div>\n\n                                    <div class=\"left-box-main-icon\">\n                                                                                    <i aria-hidden=\"true\" class=\"td-icon flaticon-business-together\"><\/i>                                                                            <\/div>\n                                <\/div>\n\n                                <div class=\"text-content\">\n\t\t                                                                    <h4 class=\"td-title\">Estrategia centrada en el cliente<\/h4>\n\t\t                            \n                                    <div class=\"left-icon-with-text-desc\">\n\t\t\t                            <p data-start=\"693\" data-end=\"794\">Cada caso es revisado cuidadosamente y preparado en base a sus objetivos, antecedentes y necesidades de inmigraci\u00f3n.<\/p>                                    <\/div>\n                                <\/div>\n                            <\/div>\n\n                                \n                            <div class=\"td-single-left-icon-with-text\">\n                                <div class=\"td-left-icon\">\n                                    <div class=\"left-box-background-icon\"><i class=\"flaticon-law-hexagon-2\"><\/i><\/div>\n\n                                    <div class=\"left-box-main-icon\">\n                                                                                    <i aria-hidden=\"true\" class=\"td-icon flaticon-law-balance-1\"><\/i>                                                                            <\/div>\n                                <\/div>\n\n                                <div class=\"text-content\">\n\t\t                                                                    <h4 class=\"td-title\">Orientaci\u00f3n jur\u00eddica clara<\/h4>\n\t\t                            \n                                    <div class=\"left-icon-with-text-desc\">\n\t\t\t                            <p data-start=\"823\" data-end=\"915\">Simplificamos los complejos procesos de inmigraci\u00f3n y le mantenemos informado en cada fase de su caso.<\/p>                                    <\/div>\n                                <\/div>\n                            <\/div>\n\n                                \n\n\n                        <\/div>\n\t                <\/div>\n\t\t\t\t<\/div>\n\t\t\t<\/div>\n\n\t\t\t<div class=\"section-right-image\">\n\t\t\t\t<img decoding=\"async\" src=\"https:\/\/theatlaslegal.com\/wp-content\/uploads\/2026\/03\/d26805e7-fca6-4f36-a176-b7d692cfef8c.png\" alt=\"\">\n\t\t\t<\/div>\n\n        <\/div>\n\n\n\n\t\t\t\t\t\t<\/div>\n\t\t\t\t<\/div>\n\t\t\t\t\t<\/div>\n\t\t<\/div>\n\t\t\t\t\t<\/div>\n\t\t<\/section>\n\t\t\t\t<\/div>","protected":false},"excerpt":{"rendered":"<p>Immigration Law Professional Immigration Law Services Employment V\u0131sas Work-based visa solutions for professionals and companies Investor and Trader Visas E-1, E-2 and business immigration services Employment Green Cards Permanent residence through employment petitions Talent and Performance Visas O-1, P visas for extraordinary individuals Family-Based Immigration Petitions for spouses, parents and relatives Student and Exchange Visitor [&hellip;]<\/p>\n","protected":false},"author":1,"featured_media":0,"parent":0,"menu_order":0,"comment_status":"closed","ping_status":"closed","template":"","meta":{"footnotes":""},"class_list":["post-39","page","type-page","status-publish","hentry"],"_hostinger_reach_plugin_has_subscription_block":false,"_hostinger_reach_plugin_is_elementor":false,"_links":{"self":[{"href":"https:\/\/theatlaslegal.com\/es\/wp-json\/wp\/v2\/pages\/39","targetHints":{"allow":["GET"]}}],"collection":[{"href":"https:\/\/theatlaslegal.com\/es\/wp-json\/wp\/v2\/pages"}],"about":[{"href":"https:\/\/theatlaslegal.com\/es\/wp-json\/wp\/v2\/types\/page"}],"author":[{"embeddable":true,"href":"https:\/\/theatlaslegal.com\/es\/wp-json\/wp\/v2\/users\/1"}],"replies":[{"embeddable":true,"href":"https:\/\/theatlaslegal.com\/es\/wp-json\/wp\/v2\/comments?post=39"}],"version-history":[{"count":43,"href":"https:\/\/theatlaslegal.com\/es\/wp-json\/wp\/v2\/pages\/39\/revisions"}],"predecessor-version":[{"id":601,"href":"https:\/\/theatlaslegal.com\/es\/wp-json\/wp\/v2\/pages\/39\/revisions\/601"}],"wp:attachment":[{"href":"https:\/\/theatlaslegal.com\/es\/wp-json\/wp\/v2\/media?parent=39"}],"curies":[{"name":"wp","href":"https:\/\/api.w.org\/{rel}","templated":true}]}}