{"id":43,"date":"2020-03-22T00:11:05","date_gmt":"2020-03-22T00:11:05","guid":{"rendered":"http:\/\/tf.themedraft.com\/wp\/ukilvai\/?page_id=43"},"modified":"2026-03-12T22:23:11","modified_gmt":"2026-03-12T22:23:11","slug":"about-us","status":"publish","type":"page","link":"https:\/\/theatlaslegal.com\/de\/about-us\/","title":{"rendered":"\u00dcber uns"},"content":{"rendered":"<div data-elementor-type=\"wp-page\" data-elementor-id=\"43\" class=\"elementor elementor-43\">\n\t\t\t\t\t\t<section class=\"elementor-section elementor-top-section elementor-element elementor-element-6b3694ef elementor-section-stretched elementor-section-boxed elementor-section-height-default elementor-section-height-default\" data-id=\"6b3694ef\" data-element_type=\"section\" data-e-type=\"section\" data-settings=\"{&quot;stretch_section&quot;:&quot;section-stretched&quot;,&quot;background_background&quot;:&quot;classic&quot;}\">\n\t\t\t\t\t\t<div class=\"elementor-container elementor-column-gap-default\">\n\t\t\t\t\t<div class=\"elementor-column elementor-col-50 elementor-top-column elementor-element elementor-element-2d489593\" data-id=\"2d489593\" data-element_type=\"column\" data-e-type=\"column\">\n\t\t\t<div class=\"elementor-widget-wrap elementor-element-populated\">\n\t\t\t\t\t\t<div class=\"elementor-element elementor-element-4490b2c0 elementor-widget elementor-widget-themedraft_image_with_text\" data-id=\"4490b2c0\" data-element_type=\"widget\" data-e-type=\"widget\" data-widget_type=\"themedraft_image_with_text.default\">\n\t\t\t\t<div class=\"elementor-widget-container\">\n\t\t\t\t\t\n\t\t<div class=\"td-image-widget-wrapper\">\n\t\t\t<div class=\"td-image-container\">\n\t\t\t\t<div class=\"td-image-and-text-wrapper\">\n\t\t\t\t    <img decoding=\"async\" src=\"https:\/\/theatlaslegal.com\/wp-content\/uploads\/2026\/03\/ChatGPT-Image-11-Mar-2026-16_18_41.png\" alt=\"\">\n\n                    <div class=\"text-box\">\n                        <span class=\"color-text\"><\/span>\n                        <div class=\"normal-text\">\n                                                    <\/div>\n                    <\/div>\n                <\/div>\n\t\t\t<\/div>\n\t\t<\/div>\n\n\t\t\t\t\t\t<\/div>\n\t\t\t\t<\/div>\n\t\t\t\t\t<\/div>\n\t\t<\/div>\n\t\t\t\t<div class=\"elementor-column elementor-col-50 elementor-top-column elementor-element elementor-element-186fcfa\" data-id=\"186fcfa\" data-element_type=\"column\" data-e-type=\"column\">\n\t\t\t<div class=\"elementor-widget-wrap elementor-element-populated\">\n\t\t\t\t\t\t<div class=\"elementor-element elementor-element-6363a40a elementor-widget elementor-widget-themedraft_section_title\" data-id=\"6363a40a\" data-element_type=\"widget\" data-e-type=\"widget\" data-widget_type=\"themedraft_section_title.default\">\n\t\t\t\t<div class=\"elementor-widget-container\">\n\t\t\t\t\t\n        <div class=\"row\">\n            <div class=\"col-lg-12\">\n                <div class=\"td-section-title-wrap\">\n                    <div class=\"td-section-title-content\">\n\n                        <div class=\"subtitle-and-title\">\n                                                        <h6 class=\"subtitle\">\u00dcber das Unternehmen<\/h6>\n                            \n                            <h2 class=\"title\">Wer wir bei Atlas Legal sind                            <\/h2>\n                        <\/div>\n                                            <\/div>\n                <\/div>\n            <\/div>\n        <\/div>\n\n\t\t\t\t\t\t<\/div>\n\t\t\t\t<\/div>\n\t\t\t\t<div class=\"elementor-element elementor-element-743402f5 elementor-widget elementor-widget-themedraft_text_with_title\" data-id=\"743402f5\" data-element_type=\"widget\" data-e-type=\"widget\" data-widget_type=\"themedraft_text_with_title.default\">\n\t\t\t\t<div class=\"elementor-widget-container\">\n\t\t\t\t\t        <div class=\"td-text-with-title-wrapper\">\n            <h2 class=\"title\"><\/h2>\n            <div class=\"text\">\n                <p data-start=\"278\" data-end=\"602\"><strong>Atlas Legal wurde von einem erfolgreichen Einwanderer gegr\u00fcndet und steht f\u00fcr Engagement, Erfahrung und Erfolg auf dem Gebiet des US-Einwanderungsrechts. Unsere Kanzlei mit Sitz im Gro\u00dfraum Chicago betreut Mandanten in allen 50 Bundesstaaten und international und bietet strategische Rechtsberatung in einer Vielzahl von Einwanderungsangelegenheiten.<\/strong><\/p><p data-start=\"604\" data-end=\"1058\"><strong>Bei Atlas Legal konzentrieren wir uns auf die Erarbeitung individueller rechtlicher L\u00f6sungen, die auf die besondere Situation jedes einzelnen Mandanten zugeschnitten sind. Unsere Praxis umfasst arbeitsrechtliche Visa, Einwanderung f\u00fcr Investoren und Unternehmen, Antr\u00e4ge auf au\u00dfergew\u00f6hnliche F\u00e4higkeiten, Antr\u00e4ge auf Familienangeh\u00f6rige, Verzichtserkl\u00e4rungen, Einb\u00fcrgerung und Einwanderungsstreitigkeiten. Wir wissen, dass jeder Fall anders ist, und bereiten jeden Antrag mit sorgf\u00e4ltiger Analyse, aussagekr\u00e4ftiger Dokumentation und einer klaren rechtlichen Strategie vor.<\/strong><\/p><p data-start=\"1060\" data-end=\"1388\"><strong>Die pers\u00f6nliche Einwanderungsreise unseres Gr\u00fcnders vermittelt ein tiefes Verst\u00e4ndnis f\u00fcr die Herausforderungen, mit denen Einzelpersonen und Familien konfrontiert sind, wenn sie sich durch das US-Einwanderungssystem bewegen. Da wir den Prozess selbst erfolgreich durchlaufen haben, sind wir in der einzigartigen Lage, unsere Kunden sowohl mit professionellem Wissen als auch mit Erfahrungen aus dem wirklichen Leben zu unterst\u00fctzen.<\/strong><\/p><p data-start=\"1390\" data-end=\"1688\"><strong>Viele unserer Kunden sind Unternehmer, Fachleute, K\u00fcnstler, Sportler und Familien, die sich in den Vereinigten Staaten eine Zukunft aufbauen wollen. Wir helfen unseren Kunden bei der Gr\u00fcndung von Unternehmen, bei der Erlangung von Visa, bei der Sicherung des st\u00e4ndigen Wohnsitzes und bei der Bew\u00e4ltigung aller Phasen des Einwanderungsprozesses.<\/strong><\/p><p data-start=\"1690\" data-end=\"1928\"><strong>Bei Atlas Legal sind wir mehr als nur Rechtsberater - wir sind Partner auf Ihrem Weg. Unsere Aufgabe ist es, komplexe rechtliche Verfahren zu vereinfachen, ehrliche Beratung zu bieten und unseren Kunden zu helfen, ihre Ziele mit Zuversicht, Klarheit und Vertrauen zu erreichen.<\/strong><\/p>            <\/div>\n        <\/div>\n\n\n        \t\t\t\t<\/div>\n\t\t\t\t<\/div>\n\t\t\t\t<section class=\"elementor-section elementor-inner-section elementor-element elementor-element-304931e4 elementor-section-boxed elementor-section-height-default elementor-section-height-default\" data-id=\"304931e4\" data-element_type=\"section\" data-e-type=\"section\">\n\t\t\t\t\t\t<div class=\"elementor-container elementor-column-gap-default\">\n\t\t\t\t\t<div class=\"elementor-column elementor-col-100 elementor-inner-column elementor-element elementor-element-11cf7c33\" data-id=\"11cf7c33\" data-element_type=\"column\" data-e-type=\"column\">\n\t\t\t<div class=\"elementor-widget-wrap elementor-element-populated\">\n\t\t\t\t\t\t<div class=\"elementor-element elementor-element-23851dfe elementor-widget elementor-widget-themedraft_team_minimal\" data-id=\"23851dfe\" data-element_type=\"widget\" data-e-type=\"widget\" data-widget_type=\"themedraft_team_minimal.default\">\n\t\t\t\t<div class=\"elementor-widget-container\">\n\t\t\t\t\t\n\t\t<div class=\"td-team-minimal-wrapper\">\n\t\t\t<div class=\"td-team-content\">\n\t\t\t\t<div class=\"member-image td-cover-bg\" style=\"background-image: url(https:\/\/theatlaslegal.com\/wp-content\/uploads\/2026\/03\/521936413_18049534481535955_5903168145019056842_n.jpg)\"><\/div>\n\t\t\t\t                    <h4 class=\"member-name\">Musab Gunes<\/h4>\n                \n\t\t\t\t<span class=\"member-designation\">Atlas Immigration CEO<\/span>\n\t\t\t<\/div>\n\t\t<\/div>\n\n\t\t\t\t\t\t<\/div>\n\t\t\t\t<\/div>\n\t\t\t\t\t<\/div>\n\t\t<\/div>\n\t\t\t\t\t<\/div>\n\t\t<\/section>\n\t\t\t\t\t<\/div>\n\t\t<\/div>\n\t\t\t\t\t<\/div>\n\t\t<\/section>\n\t\t\t\t<section class=\"elementor-section elementor-top-section elementor-element elementor-element-4e24eefe elementor-section-boxed elementor-section-height-default elementor-section-height-default\" data-id=\"4e24eefe\" data-element_type=\"section\" data-e-type=\"section\">\n\t\t\t\t\t\t<div class=\"elementor-container elementor-column-gap-default\">\n\t\t\t\t\t<div class=\"elementor-column elementor-col-100 elementor-top-column elementor-element elementor-element-35e0bdec\" data-id=\"35e0bdec\" data-element_type=\"column\" data-e-type=\"column\">\n\t\t\t<div class=\"elementor-widget-wrap elementor-element-populated\">\n\t\t\t\t\t\t<div class=\"elementor-element elementor-element-3a3040f5 elementor-widget elementor-widget-themedraft_section_title\" data-id=\"3a3040f5\" data-element_type=\"widget\" data-e-type=\"widget\" data-widget_type=\"themedraft_section_title.default\">\n\t\t\t\t<div class=\"elementor-widget-container\">\n\t\t\t\t\t\n        <div class=\"row\">\n            <div class=\"col-lg-12\">\n                <div class=\"td-section-title-wrap\">\n                    <div class=\"td-section-title-content\">\n\n                        <div class=\"subtitle-and-title\">\n                                                        <h6 class=\"subtitle\">Arbeitsprozess<\/h6>\n                            \n                            <h2 class=\"title\">Wie wir Ihren Fall bearbeiten                            <\/h2>\n                        <\/div>\n                                            <\/div>\n                <\/div>\n            <\/div>\n        <\/div>\n\n\t\t\t\t\t\t<\/div>\n\t\t\t\t<\/div>\n\t\t\t\t<div class=\"elementor-element elementor-element-834e26e elementor-widget elementor-widget-themedraft_process_box\" data-id=\"834e26e\" data-element_type=\"widget\" data-e-type=\"widget\" data-widget_type=\"themedraft_process_box.default\">\n\t\t\t\t<div class=\"elementor-widget-container\">\n\t\t\t\t\t\n\t\t<div class=\"row td-process-box-row\">\n\n\t\t\t\n\t\t\t\t\t<div class=\"col-lg-3 col-md-6\">\n\n\t\t\t\t\t\t<div class=\"td-single-process-box box-icon-top\">\n\n\t\t\t\t\t\t\t<div class=\"process-box-icon box-top-icon\">\n\t\t\t\t\t\t\t\t<div class=\"process-box-background-icon\"><i class=\"flaticon-law-hexagon-2\"><\/i><\/div>\n\t\t\t\t\t\t\t\t<div class=\"process-box-main-icon\">\n\t\t\t\t\t\t\t\t\t\t\t\t\t\t\t\t\t\t\t<i aria-hidden=\"true\" class=\"td-icon flaticon-law-briefcase\"><\/i>\t\t\t\t\t\t\t\t\t\t\t\t\t\t\t\t\t<\/div>\n\t\t\t\t\t\t\t<\/div>\n\n\t\t\t\t\t\t\t<div class=\"process-content\">\n\t\t\t\t\t\t\t\t\t\t\t\t\t\t\t\t\t<h4 class=\"td-process-title\">Fallbewertung<\/h4>\n\t\t\t\t\t\t\t\t\n\t\t\t\t\t\t\t\t<div class=\"process-desc\">\n\t\t\t\t\t\t\t\t\t<p>Wir pr\u00fcfen Ihren Hintergrund und ermitteln die beste Einwanderungsstrategie.<\/p>\t\t\t\t\t\t\t\t<\/div>\n\t\t\t\t\t\t\t<\/div>\n\n\t\t\t\t\t\t\t\t<div class=\"process-box-icon box-bottom-icon\">\n\t\t\t\t\t\t\t\t\t<div class=\"process-box-background-icon\"><i class=\"flaticon-law-hexagon-2\"><\/i><\/div>\n\n\t\t\t\t\t\t\t\t\t<div class=\"process-box-main-icon\">\n\t\t\t\t\t\t\t\t\t\t\t\t\t\t\t\t\t\t\t\t\t<i aria-hidden=\"true\" class=\"td-icon flaticon-law-briefcase\"><\/i>\t\t\t\t\t\t\t\t\t\t\t\t\t\t\t\t\t\t\t<\/div>\n\t\t\t\t\t\t\t\t<\/div>\n\n\t\t\t\t\t\t<\/div>\n\t\t\t\t\t<\/div>\n\n\t\t\t\t\n\t\t\t\t\t<div class=\"col-lg-3 col-md-6\">\n\n\t\t\t\t\t\t<div class=\"td-single-process-box box-icon-bottom\">\n\n\t\t\t\t\t\t\t<div class=\"process-box-icon box-top-icon\">\n\t\t\t\t\t\t\t\t<div class=\"process-box-background-icon\"><i class=\"flaticon-law-hexagon-2\"><\/i><\/div>\n\t\t\t\t\t\t\t\t<div class=\"process-box-main-icon\">\n\t\t\t\t\t\t\t\t\t\t\t\t\t\t\t\t\t\t\t<i aria-hidden=\"true\" class=\"td-icon flaticon-business-list\"><\/i>\t\t\t\t\t\t\t\t\t\t\t\t\t\t\t\t\t<\/div>\n\t\t\t\t\t\t\t<\/div>\n\n\t\t\t\t\t\t\t<div class=\"process-content\">\n\t\t\t\t\t\t\t\t\t\t\t\t\t\t\t\t\t<h4 class=\"td-process-title\">Rechtliche Vorbereitung<\/h4>\n\t\t\t\t\t\t\t\t\n\t\t\t\t\t\t\t\t<div class=\"process-desc\">\n\t\t\t\t\t\t\t\t\t<p data-start=\"713\" data-end=\"808\">Wir bereiten Ihre Petition mit ausf\u00fchrlichen Unterlagen und juristischer Unterst\u00fctzung vor.<\/p>\t\t\t\t\t\t\t\t<\/div>\n\t\t\t\t\t\t\t<\/div>\n\n\t\t\t\t\t\t\t\t<div class=\"process-box-icon box-bottom-icon\">\n\t\t\t\t\t\t\t\t\t<div class=\"process-box-background-icon\"><i class=\"flaticon-law-hexagon-2\"><\/i><\/div>\n\n\t\t\t\t\t\t\t\t\t<div class=\"process-box-main-icon\">\n\t\t\t\t\t\t\t\t\t\t\t\t\t\t\t\t\t\t\t\t\t<i aria-hidden=\"true\" class=\"td-icon flaticon-business-list\"><\/i>\t\t\t\t\t\t\t\t\t\t\t\t\t\t\t\t\t\t\t<\/div>\n\t\t\t\t\t\t\t\t<\/div>\n\n\t\t\t\t\t\t<\/div>\n\t\t\t\t\t<\/div>\n\n\t\t\t\t\n\t\t\t\t\t<div class=\"col-lg-3 col-md-6\">\n\n\t\t\t\t\t\t<div class=\"td-single-process-box box-icon-top\">\n\n\t\t\t\t\t\t\t<div class=\"process-box-icon box-top-icon\">\n\t\t\t\t\t\t\t\t<div class=\"process-box-background-icon\"><i class=\"flaticon-law-hexagon-2\"><\/i><\/div>\n\t\t\t\t\t\t\t\t<div class=\"process-box-main-icon\">\n\t\t\t\t\t\t\t\t\t\t\t\t\t\t\t\t\t\t\t<i aria-hidden=\"true\" class=\"td-icon flaticon-law-gun-1\"><\/i>\t\t\t\t\t\t\t\t\t\t\t\t\t\t\t\t\t<\/div>\n\t\t\t\t\t\t\t<\/div>\n\n\t\t\t\t\t\t\t<div class=\"process-content\">\n\t\t\t\t\t\t\t\t\t\t\t\t\t\t\t\t\t<h4 class=\"td-process-title\">Ablage und Verarbeitung<\/h4>\n\t\t\t\t\t\t\t\t\n\t\t\t\t\t\t\t\t<div class=\"process-desc\">\n\t\t\t\t\t\t\t\t\t<p data-start=\"816\" data-end=\"905\">Ihr Fall wird in jeder Phase sorgf\u00e4ltig bearbeitet und \u00fcberwacht.<\/p>\t\t\t\t\t\t\t\t<\/div>\n\t\t\t\t\t\t\t<\/div>\n\n\t\t\t\t\t\t\t\t<div class=\"process-box-icon box-bottom-icon\">\n\t\t\t\t\t\t\t\t\t<div class=\"process-box-background-icon\"><i class=\"flaticon-law-hexagon-2\"><\/i><\/div>\n\n\t\t\t\t\t\t\t\t\t<div class=\"process-box-main-icon\">\n\t\t\t\t\t\t\t\t\t\t\t\t\t\t\t\t\t\t\t\t\t<i aria-hidden=\"true\" class=\"td-icon flaticon-law-gun-1\"><\/i>\t\t\t\t\t\t\t\t\t\t\t\t\t\t\t\t\t\t\t<\/div>\n\t\t\t\t\t\t\t\t<\/div>\n\n\t\t\t\t\t\t<\/div>\n\t\t\t\t\t<\/div>\n\n\t\t\t\t\n\t\t\t\t\t<div class=\"col-lg-3 col-md-6\">\n\n\t\t\t\t\t\t<div class=\"td-single-process-box box-icon-bottom\">\n\n\t\t\t\t\t\t\t<div class=\"process-box-icon box-top-icon\">\n\t\t\t\t\t\t\t\t<div class=\"process-box-background-icon\"><i class=\"flaticon-law-hexagon-2\"><\/i><\/div>\n\t\t\t\t\t\t\t\t<div class=\"process-box-main-icon\">\n\t\t\t\t\t\t\t\t\t\t\t\t\t\t\t\t\t\t\t<i aria-hidden=\"true\" class=\"td-icon flaticon-law-auction\"><\/i>\t\t\t\t\t\t\t\t\t\t\t\t\t\t\t\t\t<\/div>\n\t\t\t\t\t\t\t<\/div>\n\n\t\t\t\t\t\t\t<div class=\"process-content\">\n\t\t\t\t\t\t\t\t\t\t\t\t\t\t\t\t\t<h4 class=\"td-process-title\">Genehmigung und n\u00e4chste Schritte<\/h4>\n\t\t\t\t\t\t\t\t\n\t\t\t\t\t\t\t\t<div class=\"process-desc\">\n\t\t\t\t\t\t\t\t\t<p data-start=\"913\" data-end=\"1009\">Wir begleiten Sie bis zur Genehmigung und helfen Ihnen bei den n\u00e4chsten Schritten der Einwanderung.<\/p>\t\t\t\t\t\t\t\t<\/div>\n\t\t\t\t\t\t\t<\/div>\n\n\t\t\t\t\t\t\t\t<div class=\"process-box-icon box-bottom-icon\">\n\t\t\t\t\t\t\t\t\t<div class=\"process-box-background-icon\"><i class=\"flaticon-law-hexagon-2\"><\/i><\/div>\n\n\t\t\t\t\t\t\t\t\t<div class=\"process-box-main-icon\">\n\t\t\t\t\t\t\t\t\t\t\t\t\t\t\t\t\t\t\t\t\t<i aria-hidden=\"true\" class=\"td-icon flaticon-law-auction\"><\/i>\t\t\t\t\t\t\t\t\t\t\t\t\t\t\t\t\t\t\t<\/div>\n\t\t\t\t\t\t\t\t<\/div>\n\n\t\t\t\t\t\t<\/div>\n\t\t\t\t\t<\/div>\n\n\t\t\t\t\n\t\t<\/div>\n\n\t\t\t\t\t\t<\/div>\n\t\t\t\t<\/div>\n\t\t\t\t\t<\/div>\n\t\t<\/div>\n\t\t\t\t\t<\/div>\n\t\t<\/section>\n\t\t\t\t<\/div>","protected":false},"excerpt":{"rendered":"<p>About Company Who We Are at Atlas Legal Founded by a successful immigrant, Atlas Legal represents dedication, experience, and achievement in the field of U.S. Immigration Law. Based in the Chicago metropolitan area, our firm proudly serves clients across all 50 states and internationally, providing strategic legal guidance in a wide range of immigration matters. [&hellip;]<\/p>\n","protected":false},"author":1,"featured_media":0,"parent":0,"menu_order":0,"comment_status":"closed","ping_status":"closed","template":"","meta":{"footnotes":""},"class_list":["post-43","page","type-page","status-publish","hentry"],"_hostinger_reach_plugin_has_subscription_block":false,"_hostinger_reach_plugin_is_elementor":false,"_links":{"self":[{"href":"https:\/\/theatlaslegal.com\/de\/wp-json\/wp\/v2\/pages\/43","targetHints":{"allow":["GET"]}}],"collection":[{"href":"https:\/\/theatlaslegal.com\/de\/wp-json\/wp\/v2\/pages"}],"about":[{"href":"https:\/\/theatlaslegal.com\/de\/wp-json\/wp\/v2\/types\/page"}],"author":[{"embeddable":true,"href":"https:\/\/theatlaslegal.com\/de\/wp-json\/wp\/v2\/users\/1"}],"replies":[{"embeddable":true,"href":"https:\/\/theatlaslegal.com\/de\/wp-json\/wp\/v2\/comments?post=43"}],"version-history":[{"count":10,"href":"https:\/\/theatlaslegal.com\/de\/wp-json\/wp\/v2\/pages\/43\/revisions"}],"predecessor-version":[{"id":641,"href":"https:\/\/theatlaslegal.com\/de\/wp-json\/wp\/v2\/pages\/43\/revisions\/641"}],"wp:attachment":[{"href":"https:\/\/theatlaslegal.com\/de\/wp-json\/wp\/v2\/media?parent=43"}],"curies":[{"name":"wp","href":"https:\/\/api.w.org\/{rel}","templated":true}]}}